{"id":202961,"date":"2026-03-04T00:26:51","date_gmt":"2026-03-03T23:26:51","guid":{"rendered":"https:\/\/grupotextil.es\/producto\/camiseta-roly-pointer-1204-hombre-manga-larga\/"},"modified":"2026-03-10T01:58:35","modified_gmt":"2026-03-10T00:58:35","slug":"camiseta-roly-pointer-1204-hombre-manga-larga","status":"publish","type":"product","link":"https:\/\/grupotextil.es\/en\/product\/camiseta-roly-pointer-1204-hombre-manga-larga\/","title":{"rendered":"Camiseta Roly Pointer 1204 Hombre Manga Larga"},"content":{"rendered":"<p>Camiseta de manga larga, tejido tubular, con cuello redondo de 4 capas y pu\u00f1os canal\u00e9 1\u00d71. Cubrecosturas reforzado en cuello y hombros.<\/p>","protected":false},"excerpt":{"rendered":"<p>Camiseta de manga larga, tejido tubular, con cuello redondo de 4 capas y pu\u00f1os canal\u00e9 1\u00d71. Cubrecosturas reforzado en cuello y hombros.<\/p>","protected":false},"featured_media":202962,"comment_status":"open","ping_status":"closed","template":"","meta":{"_acf_changed":false},"product_brand":[14011],"product_cat":[13931,13978,13974,13930,13973],"product_tag":[],"class_list":{"0":"post-202961","1":"product","2":"type-product","3":"status-publish","4":"has-post-thumbnail","6":"product_brand-roly","7":"product_cat-rl-alta-visibilidad","8":"product_cat-h-camisetas-manga-larga","9":"product_cat-ropa-hombre","10":"product_cat-laboral","11":"product_cat-ropa","12":"tm-no-options","14":"first","15":"instock","16":"taxable","17":"shipping-taxable","18":"product-type-variable"},"acf":[],"_links":{"self":[{"href":"https:\/\/grupotextil.es\/en\/wp-json\/wp\/v2\/product\/202961","targetHints":{"allow":["GET"]}}],"collection":[{"href":"https:\/\/grupotextil.es\/en\/wp-json\/wp\/v2\/product"}],"about":[{"href":"https:\/\/grupotextil.es\/en\/wp-json\/wp\/v2\/types\/product"}],"replies":[{"embeddable":true,"href":"https:\/\/grupotextil.es\/en\/wp-json\/wp\/v2\/comments?post=202961"}],"wp:featuredmedia":[{"embeddable":true,"href":"https:\/\/grupotextil.es\/en\/wp-json\/wp\/v2\/media\/202962"}],"wp:attachment":[{"href":"https:\/\/grupotextil.es\/en\/wp-json\/wp\/v2\/media?parent=202961"}],"wp:term":[{"taxonomy":"product_brand","embeddable":true,"href":"https:\/\/grupotextil.es\/en\/wp-json\/wp\/v2\/product_brand?post=202961"},{"taxonomy":"product_cat","embeddable":true,"href":"https:\/\/grupotextil.es\/en\/wp-json\/wp\/v2\/product_cat?post=202961"},{"taxonomy":"product_tag","embeddable":true,"href":"https:\/\/grupotextil.es\/en\/wp-json\/wp\/v2\/product_tag?post=202961"}],"curies":[{"name":"wp","href":"https:\/\/api.w.org\/{rel}","templated":true}]}}