{"id":203114,"date":"2026-03-04T00:27:56","date_gmt":"2026-03-03T23:27:56","guid":{"rendered":"https:\/\/grupotextil.es\/producto\/conjunto-deportivo-roly-racing-0452-adulto\/"},"modified":"2026-03-04T06:14:11","modified_gmt":"2026-03-04T05:14:11","slug":"conjunto-deportivo-roly-racing-0452-adulto","status":"publish","type":"product","link":"https:\/\/grupotextil.es\/en\/product\/conjunto-deportivo-roly-racing-0452-adulto\/","title":{"rendered":"Conjunto Deportivo Roly Racing 0452 Adulto"},"content":{"rendered":"<p>Conjunto deportivo unisex compuesto de 2 camisetas + 1 pantal\u00f3n. Manga corta con vivo ancho en contraste. El color de la segunda camiseta se compone de manera contraria. Cuello redondo con ribete bicolor y con cubrecosturas reforzado en su interior. Pantal\u00f3n con cinturilla el\u00e1stica con cord\u00f3n interior al tono con pespunte de seguridad.<\/p>","protected":false},"excerpt":{"rendered":"<p>Conjunto deportivo unisex compuesto de 2 camisetas + 1 pantal\u00f3n. Manga corta con vivo ancho en contraste. El color de la segunda camiseta se compone de manera contraria. Cuello redondo con ribete bicolor y con cubrecosturas reforzado en su interior. Pantal\u00f3n con cinturilla el\u00e1stica con cord\u00f3n interior al tono con pespunte de seguridad.<\/p>","protected":false},"featured_media":203115,"comment_status":"open","ping_status":"closed","template":"","meta":{"_acf_changed":false},"product_brand":[14011],"product_cat":[13941,13940,13939],"product_tag":[],"class_list":{"0":"post-203114","1":"product","2":"type-product","3":"status-publish","4":"has-post-thumbnail","6":"product_brand-roly","7":"product_cat-rd-chandal","8":"product_cat-rd-conjuntos-deportivos","9":"product_cat-deportivo","10":"tm-no-options","12":"first","13":"instock","14":"taxable","15":"shipping-taxable","16":"product-type-variable"},"acf":[],"_links":{"self":[{"href":"https:\/\/grupotextil.es\/en\/wp-json\/wp\/v2\/product\/203114","targetHints":{"allow":["GET"]}}],"collection":[{"href":"https:\/\/grupotextil.es\/en\/wp-json\/wp\/v2\/product"}],"about":[{"href":"https:\/\/grupotextil.es\/en\/wp-json\/wp\/v2\/types\/product"}],"replies":[{"embeddable":true,"href":"https:\/\/grupotextil.es\/en\/wp-json\/wp\/v2\/comments?post=203114"}],"wp:featuredmedia":[{"embeddable":true,"href":"https:\/\/grupotextil.es\/en\/wp-json\/wp\/v2\/media\/203115"}],"wp:attachment":[{"href":"https:\/\/grupotextil.es\/en\/wp-json\/wp\/v2\/media?parent=203114"}],"wp:term":[{"taxonomy":"product_brand","embeddable":true,"href":"https:\/\/grupotextil.es\/en\/wp-json\/wp\/v2\/product_brand?post=203114"},{"taxonomy":"product_cat","embeddable":true,"href":"https:\/\/grupotextil.es\/en\/wp-json\/wp\/v2\/product_cat?post=203114"},{"taxonomy":"product_tag","embeddable":true,"href":"https:\/\/grupotextil.es\/en\/wp-json\/wp\/v2\/product_tag?post=203114"}],"curies":[{"name":"wp","href":"https:\/\/api.w.org\/{rel}","templated":true}]}}