{"id":203454,"date":"2026-03-04T00:30:31","date_gmt":"2026-03-03T23:30:31","guid":{"rendered":"https:\/\/grupotextil.es\/producto\/malla-deportiva-roly-carla-0317-nina\/"},"modified":"2026-03-04T06:14:13","modified_gmt":"2026-03-04T05:14:13","slug":"malla-deportiva-roly-carla-0317-nina","status":"publish","type":"product","link":"https:\/\/grupotextil.es\/en\/product\/malla-deportiva-roly-carla-0317-nina\/","title":{"rendered":"Malla Deportiva Roly Carla 0317 Ni\u00f1a"},"content":{"rendered":"<p>Malla deportiva ni\u00f1a, media pierna con apertura y cintura el\u00e1stica.<\/p>","protected":false},"excerpt":{"rendered":"<p>Malla deportiva ni\u00f1a, media pierna con apertura y cintura el\u00e1stica.<\/p>","protected":false},"featured_media":203455,"comment_status":"open","ping_status":"closed","template":"","meta":{"_acf_changed":false},"product_brand":[14011],"product_cat":[13939,13968,13976],"product_tag":[],"class_list":{"0":"post-203454","1":"product","2":"type-product","3":"status-publish","4":"has-post-thumbnail","6":"product_brand-roly","7":"product_cat-deportivo","8":"product_cat-rd-mallas-y-leggings","9":"product_cat-ropa-nino","10":"tm-no-options","12":"first","13":"instock","14":"taxable","15":"shipping-taxable","16":"product-type-variable"},"acf":[],"_links":{"self":[{"href":"https:\/\/grupotextil.es\/en\/wp-json\/wp\/v2\/product\/203454","targetHints":{"allow":["GET"]}}],"collection":[{"href":"https:\/\/grupotextil.es\/en\/wp-json\/wp\/v2\/product"}],"about":[{"href":"https:\/\/grupotextil.es\/en\/wp-json\/wp\/v2\/types\/product"}],"replies":[{"embeddable":true,"href":"https:\/\/grupotextil.es\/en\/wp-json\/wp\/v2\/comments?post=203454"}],"wp:featuredmedia":[{"embeddable":true,"href":"https:\/\/grupotextil.es\/en\/wp-json\/wp\/v2\/media\/203455"}],"wp:attachment":[{"href":"https:\/\/grupotextil.es\/en\/wp-json\/wp\/v2\/media?parent=203454"}],"wp:term":[{"taxonomy":"product_brand","embeddable":true,"href":"https:\/\/grupotextil.es\/en\/wp-json\/wp\/v2\/product_brand?post=203454"},{"taxonomy":"product_cat","embeddable":true,"href":"https:\/\/grupotextil.es\/en\/wp-json\/wp\/v2\/product_cat?post=203454"},{"taxonomy":"product_tag","embeddable":true,"href":"https:\/\/grupotextil.es\/en\/wp-json\/wp\/v2\/product_tag?post=203454"}],"curies":[{"name":"wp","href":"https:\/\/api.w.org\/{rel}","templated":true}]}}