{"id":203565,"date":"2026-03-04T00:31:26","date_gmt":"2026-03-03T23:31:26","guid":{"rendered":"https:\/\/grupotextil.es\/producto\/chaqueta-roly-nebraska-woman-6437-mujer\/"},"modified":"2026-03-10T01:59:13","modified_gmt":"2026-03-10T00:59:13","slug":"chaqueta-roly-nebraska-woman-6437-mujer","status":"publish","type":"product","link":"https:\/\/grupotextil.es\/en\/product\/chaqueta-roly-nebraska-woman-6437-mujer\/","title":{"rendered":"Chaqueta Roly Nebraska Woman 6437 Mujer"},"content":{"rendered":"<p>Softshell compuesto de 2 capas con corte entallado. Cremallera invertida a tono, con protector de barbilla y tirador. Forro interior en tejido polar. Cuenta con bolsillo exterior en pecho derecho con cremallera a tono y tirador, y dos bolsillos exteriores con cremallera a tono y tirador. Ajustadores en pu\u00f1o con velcro. Bajo con cord\u00f3n el\u00e1stico y topes.<\/p>","protected":false},"excerpt":{"rendered":"<p>Softshell compuesto de 2 capas con corte entallado. Cremallera invertida a tono, con protector de barbilla y tirador. Forro interior en tejido polar. Cuenta con bolsillo exterior en pecho derecho con cremallera a tono y tirador, y dos bolsillos exteriores con cremallera a tono y tirador. Ajustadores en pu\u00f1o con velcro. Bajo con cord\u00f3n el\u00e1stico y topes.<\/p>","protected":false},"featured_media":203566,"comment_status":"open","ping_status":"closed","template":"","meta":{"_acf_changed":false},"product_brand":[14011],"product_cat":[13990,14005,13939,13975,13973],"product_tag":[],"class_list":{"0":"post-203565","1":"product","2":"type-product","3":"status-publish","4":"has-post-thumbnail","6":"product_brand-roly","7":"product_cat-m-chaquetas-y-abrigos","8":"product_cat-rd-cortavientos","9":"product_cat-deportivo","10":"product_cat-ropa-mujer","11":"product_cat-ropa","12":"tm-no-options","14":"first","15":"instock","16":"taxable","17":"shipping-taxable","18":"product-type-variable"},"acf":[],"_links":{"self":[{"href":"https:\/\/grupotextil.es\/en\/wp-json\/wp\/v2\/product\/203565","targetHints":{"allow":["GET"]}}],"collection":[{"href":"https:\/\/grupotextil.es\/en\/wp-json\/wp\/v2\/product"}],"about":[{"href":"https:\/\/grupotextil.es\/en\/wp-json\/wp\/v2\/types\/product"}],"replies":[{"embeddable":true,"href":"https:\/\/grupotextil.es\/en\/wp-json\/wp\/v2\/comments?post=203565"}],"wp:featuredmedia":[{"embeddable":true,"href":"https:\/\/grupotextil.es\/en\/wp-json\/wp\/v2\/media\/203566"}],"wp:attachment":[{"href":"https:\/\/grupotextil.es\/en\/wp-json\/wp\/v2\/media?parent=203565"}],"wp:term":[{"taxonomy":"product_brand","embeddable":true,"href":"https:\/\/grupotextil.es\/en\/wp-json\/wp\/v2\/product_brand?post=203565"},{"taxonomy":"product_cat","embeddable":true,"href":"https:\/\/grupotextil.es\/en\/wp-json\/wp\/v2\/product_cat?post=203565"},{"taxonomy":"product_tag","embeddable":true,"href":"https:\/\/grupotextil.es\/en\/wp-json\/wp\/v2\/product_tag?post=203565"}],"curies":[{"name":"wp","href":"https:\/\/api.w.org\/{rel}","templated":true}]}}