{"id":203632,"date":"2026-03-04T00:31:53","date_gmt":"2026-03-03T23:31:53","guid":{"rendered":"https:\/\/grupotextil.es\/producto\/mochila-saco-stamina-hamelin-7114\/"},"modified":"2026-03-04T06:14:13","modified_gmt":"2026-03-04T05:14:13","slug":"mochila-saco-stamina-hamelin-7114","status":"publish","type":"product","link":"https:\/\/grupotextil.es\/en\/product\/mochila-saco-stamina-hamelin-7114\/","title":{"rendered":"Mochila Saco Stamina Hamelin 7114"},"content":{"rendered":"<p>Mochila multiusos elaborada en poli\u00e9ster 210D con cordones de ajuste a la espalda y ojales met\u00e1licos. Un dise\u00f1o pr\u00e1ctico para el transporte de tus enseres personales.<\/p>","protected":false},"excerpt":{"rendered":"<p>Mochila multiusos elaborada en poli\u00e9ster 210D con cordones de ajuste a la espalda y ojales met\u00e1licos. Un dise\u00f1o pr\u00e1ctico para el transporte de tus enseres personales.<\/p>","protected":false},"featured_media":203633,"comment_status":"open","ping_status":"closed","template":"","meta":{"_acf_changed":false},"product_brand":[14012],"product_cat":[13954],"product_tag":[],"class_list":{"0":"post-203632","1":"product","2":"type-product","3":"status-publish","4":"has-post-thumbnail","6":"product_brand-stamina","7":"product_cat-acc-bolsas-y-mochilas","8":"tm-no-options","10":"first","11":"instock","12":"taxable","13":"shipping-taxable","14":"product-type-variable"},"acf":[],"_links":{"self":[{"href":"https:\/\/grupotextil.es\/en\/wp-json\/wp\/v2\/product\/203632","targetHints":{"allow":["GET"]}}],"collection":[{"href":"https:\/\/grupotextil.es\/en\/wp-json\/wp\/v2\/product"}],"about":[{"href":"https:\/\/grupotextil.es\/en\/wp-json\/wp\/v2\/types\/product"}],"replies":[{"embeddable":true,"href":"https:\/\/grupotextil.es\/en\/wp-json\/wp\/v2\/comments?post=203632"}],"wp:featuredmedia":[{"embeddable":true,"href":"https:\/\/grupotextil.es\/en\/wp-json\/wp\/v2\/media\/203633"}],"wp:attachment":[{"href":"https:\/\/grupotextil.es\/en\/wp-json\/wp\/v2\/media?parent=203632"}],"wp:term":[{"taxonomy":"product_brand","embeddable":true,"href":"https:\/\/grupotextil.es\/en\/wp-json\/wp\/v2\/product_brand?post=203632"},{"taxonomy":"product_cat","embeddable":true,"href":"https:\/\/grupotextil.es\/en\/wp-json\/wp\/v2\/product_cat?post=203632"},{"taxonomy":"product_tag","embeddable":true,"href":"https:\/\/grupotextil.es\/en\/wp-json\/wp\/v2\/product_tag?post=203632"}],"curies":[{"name":"wp","href":"https:\/\/api.w.org\/{rel}","templated":true}]}}