{"id":203799,"date":"2026-03-04T00:33:13","date_gmt":"2026-03-03T23:33:13","guid":{"rendered":"https:\/\/grupotextil.es\/producto\/malla-deportiva-roly-leire-0405-nina\/"},"modified":"2026-03-04T06:14:14","modified_gmt":"2026-03-04T05:14:14","slug":"malla-deportiva-roly-leire-0405-nina","status":"publish","type":"product","link":"https:\/\/grupotextil.es\/en\/product\/malla-deportiva-roly-leire-0405-nina\/","title":{"rendered":"Malla Deportiva Roly Leire 0405 Ni\u00f1a"},"content":{"rendered":"<p>Leggings. Malla larga con cinturilla el\u00e1stica y costuras laterales. Dise\u00f1o anat\u00f3mico. Textura extra suave.<\/p>","protected":false},"excerpt":{"rendered":"<p>Leggings. Malla larga con cinturilla el\u00e1stica y costuras laterales. Dise\u00f1o anat\u00f3mico. Textura extra suave.<\/p>","protected":false},"featured_media":203800,"comment_status":"open","ping_status":"closed","template":"","meta":{"_acf_changed":false},"product_brand":[14011],"product_cat":[13939,13968,13976],"product_tag":[],"class_list":{"0":"post-203799","1":"product","2":"type-product","3":"status-publish","4":"has-post-thumbnail","6":"product_brand-roly","7":"product_cat-deportivo","8":"product_cat-rd-mallas-y-leggings","9":"product_cat-ropa-nino","10":"tm-no-options","12":"first","13":"instock","14":"taxable","15":"shipping-taxable","16":"product-type-variable"},"acf":[],"_links":{"self":[{"href":"https:\/\/grupotextil.es\/en\/wp-json\/wp\/v2\/product\/203799","targetHints":{"allow":["GET"]}}],"collection":[{"href":"https:\/\/grupotextil.es\/en\/wp-json\/wp\/v2\/product"}],"about":[{"href":"https:\/\/grupotextil.es\/en\/wp-json\/wp\/v2\/types\/product"}],"replies":[{"embeddable":true,"href":"https:\/\/grupotextil.es\/en\/wp-json\/wp\/v2\/comments?post=203799"}],"wp:featuredmedia":[{"embeddable":true,"href":"https:\/\/grupotextil.es\/en\/wp-json\/wp\/v2\/media\/203800"}],"wp:attachment":[{"href":"https:\/\/grupotextil.es\/en\/wp-json\/wp\/v2\/media?parent=203799"}],"wp:term":[{"taxonomy":"product_brand","embeddable":true,"href":"https:\/\/grupotextil.es\/en\/wp-json\/wp\/v2\/product_brand?post=203799"},{"taxonomy":"product_cat","embeddable":true,"href":"https:\/\/grupotextil.es\/en\/wp-json\/wp\/v2\/product_cat?post=203799"},{"taxonomy":"product_tag","embeddable":true,"href":"https:\/\/grupotextil.es\/en\/wp-json\/wp\/v2\/product_tag?post=203799"}],"curies":[{"name":"wp","href":"https:\/\/api.w.org\/{rel}","templated":true}]}}