{"id":204326,"date":"2026-03-04T00:36:34","date_gmt":"2026-03-03T23:36:34","guid":{"rendered":"https:\/\/grupotextil.es\/producto\/chaqueta-soft-shell-roly-rudolph-6435-hombre\/"},"modified":"2026-03-10T01:58:31","modified_gmt":"2026-03-10T00:58:31","slug":"chaqueta-soft-shell-roly-rudolph-6435-hombre","status":"publish","type":"product","link":"https:\/\/grupotextil.es\/en\/product\/chaqueta-soft-shell-roly-rudolph-6435-hombre\/","title":{"rendered":"Chaqueta Soft Shell Roly Rudolph 6435 Hombre"},"content":{"rendered":"<p>Softshell compuesto por 3 capas, con cremallera completa con protector de barbilla y tirador. Cuenta con un bolsillo exterior de pecho derecho con cremallera y tirador, y bolsillos exteriores con cremallera y tirador. Ajustadores en pu\u00f1os con velcro. Corte o canes\u00fa en la zona del pecho delantero. Corte o canes\u00fa en la espalda. Bajo con cord\u00f3n el\u00e1stico y topes ajustables en el interior.<\/p>","protected":false},"excerpt":{"rendered":"<p>Softshell compuesto por 3 capas, con cremallera completa con protector de barbilla y tirador. Cuenta con un bolsillo exterior de pecho derecho con cremallera y tirador, y bolsillos exteriores con cremallera y tirador. Ajustadores en pu\u00f1os con velcro. Corte o canes\u00fa en la zona del pecho delantero. Corte o canes\u00fa en la espalda. Bajo con cord\u00f3n el\u00e1stico y topes ajustables en el interior.<\/p>","protected":false},"featured_media":204327,"comment_status":"open","ping_status":"closed","template":"","meta":{"_acf_changed":false},"product_brand":[14011],"product_cat":[13981,14005,13939,13974,13973],"product_tag":[],"class_list":{"0":"post-204326","1":"product","2":"type-product","3":"status-publish","4":"has-post-thumbnail","6":"product_brand-roly","7":"product_cat-h-chaquetas-y-abrigos","8":"product_cat-rd-cortavientos","9":"product_cat-deportivo","10":"product_cat-ropa-hombre","11":"product_cat-ropa","12":"tm-no-options","14":"first","15":"instock","16":"taxable","17":"shipping-taxable","18":"product-type-variable"},"acf":[],"_links":{"self":[{"href":"https:\/\/grupotextil.es\/en\/wp-json\/wp\/v2\/product\/204326","targetHints":{"allow":["GET"]}}],"collection":[{"href":"https:\/\/grupotextil.es\/en\/wp-json\/wp\/v2\/product"}],"about":[{"href":"https:\/\/grupotextil.es\/en\/wp-json\/wp\/v2\/types\/product"}],"replies":[{"embeddable":true,"href":"https:\/\/grupotextil.es\/en\/wp-json\/wp\/v2\/comments?post=204326"}],"wp:featuredmedia":[{"embeddable":true,"href":"https:\/\/grupotextil.es\/en\/wp-json\/wp\/v2\/media\/204327"}],"wp:attachment":[{"href":"https:\/\/grupotextil.es\/en\/wp-json\/wp\/v2\/media?parent=204326"}],"wp:term":[{"taxonomy":"product_brand","embeddable":true,"href":"https:\/\/grupotextil.es\/en\/wp-json\/wp\/v2\/product_brand?post=204326"},{"taxonomy":"product_cat","embeddable":true,"href":"https:\/\/grupotextil.es\/en\/wp-json\/wp\/v2\/product_cat?post=204326"},{"taxonomy":"product_tag","embeddable":true,"href":"https:\/\/grupotextil.es\/en\/wp-json\/wp\/v2\/product_tag?post=204326"}],"curies":[{"name":"wp","href":"https:\/\/api.w.org\/{rel}","templated":true}]}}