{"id":204427,"date":"2026-03-04T00:37:29","date_gmt":"2026-03-03T23:37:29","guid":{"rendered":"https:\/\/grupotextil.es\/producto\/camiseta-roly-montecarlo-l-s-0415-hombre-manga-larga\/"},"modified":"2026-03-10T01:58:31","modified_gmt":"2026-03-10T00:58:31","slug":"camiseta-roly-montecarlo-l-s-0415-hombre-manga-larga","status":"publish","type":"product","link":"https:\/\/grupotextil.es\/en\/product\/camiseta-roly-montecarlo-l-s-0415-hombre-manga-larga\/","title":{"rendered":"Camiseta Roly Montecarlo L\/S 0415 Hombre Manga Larga"},"content":{"rendered":"<p>Camiseta t\u00e9cnica de manga larga rangl\u00e1n, remallada al tono en mangas (sin cortes laterales). Cubrecosturas en cuello. Tejido transpirable de f\u00e1cil lavado y secado.<\/p>","protected":false},"excerpt":{"rendered":"<p>Camiseta t\u00e9cnica de manga larga rangl\u00e1n, remallada al tono en mangas (sin cortes laterales). Cubrecosturas en cuello. Tejido transpirable de f\u00e1cil lavado y secado.<\/p>","protected":false},"featured_media":204428,"comment_status":"open","ping_status":"closed","template":"","meta":{"_acf_changed":false},"product_brand":[14011],"product_cat":[13931,13978,14004,13939,13974,13930,13973],"product_tag":[],"class_list":{"0":"post-204427","1":"product","2":"type-product","3":"status-publish","4":"has-post-thumbnail","6":"product_brand-roly","7":"product_cat-rl-alta-visibilidad","8":"product_cat-h-camisetas-manga-larga","9":"product_cat-rd-camisetas-tecnicas","10":"product_cat-deportivo","11":"product_cat-ropa-hombre","12":"product_cat-laboral","13":"product_cat-ropa","14":"tm-no-options","16":"first","17":"instock","18":"taxable","19":"shipping-taxable","20":"product-type-variable"},"acf":[],"_links":{"self":[{"href":"https:\/\/grupotextil.es\/en\/wp-json\/wp\/v2\/product\/204427","targetHints":{"allow":["GET"]}}],"collection":[{"href":"https:\/\/grupotextil.es\/en\/wp-json\/wp\/v2\/product"}],"about":[{"href":"https:\/\/grupotextil.es\/en\/wp-json\/wp\/v2\/types\/product"}],"replies":[{"embeddable":true,"href":"https:\/\/grupotextil.es\/en\/wp-json\/wp\/v2\/comments?post=204427"}],"wp:featuredmedia":[{"embeddable":true,"href":"https:\/\/grupotextil.es\/en\/wp-json\/wp\/v2\/media\/204428"}],"wp:attachment":[{"href":"https:\/\/grupotextil.es\/en\/wp-json\/wp\/v2\/media?parent=204427"}],"wp:term":[{"taxonomy":"product_brand","embeddable":true,"href":"https:\/\/grupotextil.es\/en\/wp-json\/wp\/v2\/product_brand?post=204427"},{"taxonomy":"product_cat","embeddable":true,"href":"https:\/\/grupotextil.es\/en\/wp-json\/wp\/v2\/product_cat?post=204427"},{"taxonomy":"product_tag","embeddable":true,"href":"https:\/\/grupotextil.es\/en\/wp-json\/wp\/v2\/product_tag?post=204427"}],"curies":[{"name":"wp","href":"https:\/\/api.w.org\/{rel}","templated":true}]}}