{"id":204488,"date":"2026-03-04T00:37:54","date_gmt":"2026-03-03T23:37:54","guid":{"rendered":"https:\/\/grupotextil.es\/producto\/camiseta-roly-montecarlo-0425-nino\/"},"modified":"2026-03-04T06:14:16","modified_gmt":"2026-03-04T05:14:16","slug":"camiseta-roly-montecarlo-0425-nino","status":"publish","type":"product","link":"https:\/\/grupotextil.es\/en\/product\/camiseta-roly-montecarlo-0425-nino\/","title":{"rendered":"Camiseta Roly Montecarlo 0425 Ni\u00f1o"},"content":{"rendered":"<p>Camiseta t\u00e9cnica de manga corta rangl\u00e1n. Escote redondeado con cubrecosturas. Cortes laterales con remallado al tono.<\/p>","protected":false},"excerpt":{"rendered":"<p>Camiseta t\u00e9cnica de manga corta rangl\u00e1n. Escote redondeado con cubrecosturas. Cortes laterales con remallado al tono.<\/p>","protected":false},"featured_media":204489,"comment_status":"open","ping_status":"closed","template":"","meta":{"_acf_changed":false},"product_brand":[14011],"product_cat":[13931,13995,14004,13939,13930,13976,13973],"product_tag":[],"class_list":{"0":"post-204488","1":"product","2":"type-product","3":"status-publish","4":"has-post-thumbnail","6":"product_brand-roly","7":"product_cat-rl-alta-visibilidad","8":"product_cat-n-camisetas","9":"product_cat-rd-camisetas-tecnicas","10":"product_cat-deportivo","11":"product_cat-laboral","12":"product_cat-ropa-nino","13":"product_cat-ropa","14":"tm-no-options","16":"first","17":"instock","18":"taxable","19":"shipping-taxable","20":"product-type-variable"},"acf":[],"_links":{"self":[{"href":"https:\/\/grupotextil.es\/en\/wp-json\/wp\/v2\/product\/204488","targetHints":{"allow":["GET"]}}],"collection":[{"href":"https:\/\/grupotextil.es\/en\/wp-json\/wp\/v2\/product"}],"about":[{"href":"https:\/\/grupotextil.es\/en\/wp-json\/wp\/v2\/types\/product"}],"replies":[{"embeddable":true,"href":"https:\/\/grupotextil.es\/en\/wp-json\/wp\/v2\/comments?post=204488"}],"wp:featuredmedia":[{"embeddable":true,"href":"https:\/\/grupotextil.es\/en\/wp-json\/wp\/v2\/media\/204489"}],"wp:attachment":[{"href":"https:\/\/grupotextil.es\/en\/wp-json\/wp\/v2\/media?parent=204488"}],"wp:term":[{"taxonomy":"product_brand","embeddable":true,"href":"https:\/\/grupotextil.es\/en\/wp-json\/wp\/v2\/product_brand?post=204488"},{"taxonomy":"product_cat","embeddable":true,"href":"https:\/\/grupotextil.es\/en\/wp-json\/wp\/v2\/product_cat?post=204488"},{"taxonomy":"product_tag","embeddable":true,"href":"https:\/\/grupotextil.es\/en\/wp-json\/wp\/v2\/product_tag?post=204488"}],"curies":[{"name":"wp","href":"https:\/\/api.w.org\/{rel}","templated":true}]}}