{"id":204775,"date":"2026-03-04T00:39:54","date_gmt":"2026-03-03T23:39:54","guid":{"rendered":"https:\/\/grupotextil.es\/producto\/sudadera-roly-urban-woman-1068-mujer\/"},"modified":"2026-03-04T23:53:25","modified_gmt":"2026-03-04T22:53:25","slug":"sudadera-roly-urban-woman-1068-mujer","status":"publish","type":"product","link":"https:\/\/grupotextil.es\/en\/product\/sudadera-roly-urban-woman-1068-mujer\/","title":{"rendered":"Sudadera Roly Urban Woman 1068 Mujer"},"content":{"rendered":"<p>Sudadera entallada de corte femenino con capucha bicolor de doble tejido, con cord\u00f3n contrastado ajustable, cubrecosturas en el cuello y bolsillo canguro. Punto canal\u00e9 con elastano 1\u00d71 en pu\u00f1os y cintura. Detalle thumb slit \u2013 pu\u00f1os con apertura para el pulgar.<\/p>","protected":false},"excerpt":{"rendered":"<p>Sudadera entallada de corte femenino con capucha bicolor de doble tejido, con cord\u00f3n contrastado ajustable, cubrecosturas en el cuello y bolsillo canguro. Punto canal\u00e9 con elastano 1\u00d71 en pu\u00f1os y cintura. Detalle thumb slit \u2013 pu\u00f1os con apertura para el pulgar.<\/p>","protected":false},"featured_media":204776,"comment_status":"open","ping_status":"closed","template":"","meta":{"_acf_changed":false},"product_brand":[14011],"product_cat":[13939],"product_tag":[],"class_list":{"0":"post-204775","1":"product","2":"type-product","3":"status-publish","4":"has-post-thumbnail","6":"product_brand-roly","7":"product_cat-deportivo","8":"tm-no-options","10":"first","11":"instock","12":"featured","13":"taxable","14":"shipping-taxable","15":"product-type-variable"},"acf":[],"_links":{"self":[{"href":"https:\/\/grupotextil.es\/en\/wp-json\/wp\/v2\/product\/204775","targetHints":{"allow":["GET"]}}],"collection":[{"href":"https:\/\/grupotextil.es\/en\/wp-json\/wp\/v2\/product"}],"about":[{"href":"https:\/\/grupotextil.es\/en\/wp-json\/wp\/v2\/types\/product"}],"replies":[{"embeddable":true,"href":"https:\/\/grupotextil.es\/en\/wp-json\/wp\/v2\/comments?post=204775"}],"wp:featuredmedia":[{"embeddable":true,"href":"https:\/\/grupotextil.es\/en\/wp-json\/wp\/v2\/media\/204776"}],"wp:attachment":[{"href":"https:\/\/grupotextil.es\/en\/wp-json\/wp\/v2\/media?parent=204775"}],"wp:term":[{"taxonomy":"product_brand","embeddable":true,"href":"https:\/\/grupotextil.es\/en\/wp-json\/wp\/v2\/product_brand?post=204775"},{"taxonomy":"product_cat","embeddable":true,"href":"https:\/\/grupotextil.es\/en\/wp-json\/wp\/v2\/product_cat?post=204775"},{"taxonomy":"product_tag","embeddable":true,"href":"https:\/\/grupotextil.es\/en\/wp-json\/wp\/v2\/product_tag?post=204775"}],"curies":[{"name":"wp","href":"https:\/\/api.w.org\/{rel}","templated":true}]}}