{"id":205398,"date":"2026-03-04T00:46:37","date_gmt":"2026-03-03T23:46:37","guid":{"rendered":"https:\/\/grupotextil.es\/producto\/pantalon-deportivo-roly-box-1090-mujer\/"},"modified":"2026-03-10T01:58:29","modified_gmt":"2026-03-10T00:58:29","slug":"pantalon-deportivo-roly-box-1090-mujer","status":"publish","type":"product","link":"https:\/\/grupotextil.es\/en\/product\/pantalon-deportivo-roly-box-1090-mujer\/","title":{"rendered":"Pantal\u00f3n Deportivo Roly Box 1090 Mujer"},"content":{"rendered":"<p>Pantal\u00f3n sport largo, confortable, de corte femenino ajustado y cintura el\u00e1stica ancha.<\/p>","protected":false},"excerpt":{"rendered":"<p>Pantal\u00f3n sport largo, confortable, de corte femenino ajustado y cintura el\u00e1stica ancha.<\/p>","protected":false},"featured_media":205399,"comment_status":"open","ping_status":"closed","template":"","meta":{"_acf_changed":false},"product_brand":[14011],"product_cat":[13939,13974,13983,13973],"product_tag":[],"class_list":{"0":"post-205398","1":"product","2":"type-product","3":"status-publish","4":"has-post-thumbnail","6":"product_brand-roly","7":"product_cat-deportivo","8":"product_cat-ropa-hombre","9":"product_cat-h-pantalones","10":"product_cat-ropa","11":"tm-no-options","13":"first","14":"instock","15":"taxable","16":"shipping-taxable","17":"product-type-variable"},"acf":[],"_links":{"self":[{"href":"https:\/\/grupotextil.es\/en\/wp-json\/wp\/v2\/product\/205398","targetHints":{"allow":["GET"]}}],"collection":[{"href":"https:\/\/grupotextil.es\/en\/wp-json\/wp\/v2\/product"}],"about":[{"href":"https:\/\/grupotextil.es\/en\/wp-json\/wp\/v2\/types\/product"}],"replies":[{"embeddable":true,"href":"https:\/\/grupotextil.es\/en\/wp-json\/wp\/v2\/comments?post=205398"}],"wp:featuredmedia":[{"embeddable":true,"href":"https:\/\/grupotextil.es\/en\/wp-json\/wp\/v2\/media\/205399"}],"wp:attachment":[{"href":"https:\/\/grupotextil.es\/en\/wp-json\/wp\/v2\/media?parent=205398"}],"wp:term":[{"taxonomy":"product_brand","embeddable":true,"href":"https:\/\/grupotextil.es\/en\/wp-json\/wp\/v2\/product_brand?post=205398"},{"taxonomy":"product_cat","embeddable":true,"href":"https:\/\/grupotextil.es\/en\/wp-json\/wp\/v2\/product_cat?post=205398"},{"taxonomy":"product_tag","embeddable":true,"href":"https:\/\/grupotextil.es\/en\/wp-json\/wp\/v2\/product_tag?post=205398"}],"curies":[{"name":"wp","href":"https:\/\/api.w.org\/{rel}","templated":true}]}}