{"id":205842,"date":"2026-03-04T00:49:35","date_gmt":"2026-03-03T23:49:35","guid":{"rendered":"https:\/\/grupotextil.es\/producto\/polo-roly-estrella-woman-l-s-6636\/"},"modified":"2026-03-10T01:59:10","modified_gmt":"2026-03-10T00:59:10","slug":"polo-roly-estrella-woman-l-s-6636","status":"publish","type":"product","link":"https:\/\/grupotextil.es\/en\/product\/polo-roly-estrella-woman-l-s-6636\/","title":{"rendered":"Polo Roly Estrella Woman L\/S 6636"},"content":{"rendered":"<p>Polo de manga larga con cuello y bocamangas acanalado, tapeta de 3 botones y pu\u00f1os canal\u00e9 1\u00d71 con elastano. Cubrecosturas reforzado en cuello, corte entallado.<\/p>","protected":false},"excerpt":{"rendered":"<p>Polo de manga larga con cuello y bocamangas acanalado, tapeta de 3 botones y pu\u00f1os canal\u00e9 1\u00d71 con elastano. Cubrecosturas reforzado en cuello, corte entallado.<\/p>","protected":false},"featured_media":205843,"comment_status":"open","ping_status":"closed","template":"","meta":{"_acf_changed":false},"product_brand":[14011],"product_cat":[13987,13975,13973],"product_tag":[],"class_list":{"0":"post-205842","1":"product","2":"type-product","3":"status-publish","4":"has-post-thumbnail","6":"product_brand-roly","7":"product_cat-m-camisetas-manga-larga","8":"product_cat-ropa-mujer","9":"product_cat-ropa","10":"tm-no-options","12":"first","13":"instock","14":"taxable","15":"shipping-taxable","16":"product-type-variable"},"acf":[],"_links":{"self":[{"href":"https:\/\/grupotextil.es\/en\/wp-json\/wp\/v2\/product\/205842","targetHints":{"allow":["GET"]}}],"collection":[{"href":"https:\/\/grupotextil.es\/en\/wp-json\/wp\/v2\/product"}],"about":[{"href":"https:\/\/grupotextil.es\/en\/wp-json\/wp\/v2\/types\/product"}],"replies":[{"embeddable":true,"href":"https:\/\/grupotextil.es\/en\/wp-json\/wp\/v2\/comments?post=205842"}],"wp:featuredmedia":[{"embeddable":true,"href":"https:\/\/grupotextil.es\/en\/wp-json\/wp\/v2\/media\/205843"}],"wp:attachment":[{"href":"https:\/\/grupotextil.es\/en\/wp-json\/wp\/v2\/media?parent=205842"}],"wp:term":[{"taxonomy":"product_brand","embeddable":true,"href":"https:\/\/grupotextil.es\/en\/wp-json\/wp\/v2\/product_brand?post=205842"},{"taxonomy":"product_cat","embeddable":true,"href":"https:\/\/grupotextil.es\/en\/wp-json\/wp\/v2\/product_cat?post=205842"},{"taxonomy":"product_tag","embeddable":true,"href":"https:\/\/grupotextil.es\/en\/wp-json\/wp\/v2\/product_tag?post=205842"}],"curies":[{"name":"wp","href":"https:\/\/api.w.org\/{rel}","templated":true}]}}