{"id":206017,"date":"2026-03-04T00:50:58","date_gmt":"2026-03-03T23:50:58","guid":{"rendered":"https:\/\/grupotextil.es\/producto\/outlet-sudadera-roly-capucha-1087-nino-sin-cordones\/"},"modified":"2026-03-04T06:14:21","modified_gmt":"2026-03-04T05:14:21","slug":"outlet-sudadera-roly-capucha-1087-nino-sin-cordones","status":"publish","type":"product","link":"https:\/\/grupotextil.es\/en\/product\/outlet-sudadera-roly-capucha-1087-nino-sin-cordones\/","title":{"rendered":"*OUTLET* Sudadera Roly Capucha 1087 Ni\u00f1o Sin Cordones"},"content":{"rendered":"<p><strong>PRODUCTO QUE SE DESCATALOGAR\u00c1 EN 2025<\/strong> \u2013 Sudadera capucha con bolsillo canguro y cord\u00f3n ajustable. Pu\u00f1os y cinturilla de punto canal\u00e9 1\u00d71 con elastano. Modelo de ni\u00f1o sin cord\u00f3n.<\/p>","protected":false},"excerpt":{"rendered":"<p><strong>PRODUCTO QUE SE DESCATALOGAR\u00c1 EN 2025<\/strong> \u2013 Sudadera capucha con bolsillo canguro y cord\u00f3n ajustable. Pu\u00f1os y cinturilla de punto canal\u00e9 1\u00d71 con elastano. Modelo de ni\u00f1o sin cord\u00f3n.<\/p>","protected":false},"featured_media":206018,"comment_status":"open","ping_status":"closed","template":"","meta":{"_acf_changed":false},"product_brand":[14011],"product_cat":[13974,13975,13976,13973],"product_tag":[],"class_list":{"0":"post-206017","1":"product","2":"type-product","3":"status-publish","4":"has-post-thumbnail","6":"product_brand-roly","7":"product_cat-ropa-hombre","8":"product_cat-ropa-mujer","9":"product_cat-ropa-nino","10":"product_cat-ropa","11":"tm-no-options","13":"first","14":"instock","15":"taxable","16":"shipping-taxable","17":"product-type-variable"},"acf":[],"_links":{"self":[{"href":"https:\/\/grupotextil.es\/en\/wp-json\/wp\/v2\/product\/206017","targetHints":{"allow":["GET"]}}],"collection":[{"href":"https:\/\/grupotextil.es\/en\/wp-json\/wp\/v2\/product"}],"about":[{"href":"https:\/\/grupotextil.es\/en\/wp-json\/wp\/v2\/types\/product"}],"replies":[{"embeddable":true,"href":"https:\/\/grupotextil.es\/en\/wp-json\/wp\/v2\/comments?post=206017"}],"wp:featuredmedia":[{"embeddable":true,"href":"https:\/\/grupotextil.es\/en\/wp-json\/wp\/v2\/media\/206018"}],"wp:attachment":[{"href":"https:\/\/grupotextil.es\/en\/wp-json\/wp\/v2\/media?parent=206017"}],"wp:term":[{"taxonomy":"product_brand","embeddable":true,"href":"https:\/\/grupotextil.es\/en\/wp-json\/wp\/v2\/product_brand?post=206017"},{"taxonomy":"product_cat","embeddable":true,"href":"https:\/\/grupotextil.es\/en\/wp-json\/wp\/v2\/product_cat?post=206017"},{"taxonomy":"product_tag","embeddable":true,"href":"https:\/\/grupotextil.es\/en\/wp-json\/wp\/v2\/product_tag?post=206017"}],"curies":[{"name":"wp","href":"https:\/\/api.w.org\/{rel}","templated":true}]}}