{"id":206465,"date":"2026-03-04T00:54:52","date_gmt":"2026-03-03T23:54:52","guid":{"rendered":"https:\/\/grupotextil.es\/producto\/calculadora-de-8-digitos-stamina-verex-1717\/"},"modified":"2026-03-04T06:14:23","modified_gmt":"2026-03-04T05:14:23","slug":"calculadora-de-8-digitos-stamina-verex-1717","status":"publish","type":"product","link":"https:\/\/grupotextil.es\/en\/product\/calculadora-de-8-digitos-stamina-verex-1717\/","title":{"rendered":"Calculadora De 8 D\u00edgitos Stamina Verex 1717"},"content":{"rendered":"<p>Calculadora de 8 d\u00edgitos realizada en ABS reciclado y bamb\u00fa. Funciona con pila de bot\u00f3n incluida y carga solar recargable.<\/p>","protected":false},"excerpt":{"rendered":"<p>Calculadora de 8 d\u00edgitos realizada en ABS reciclado y bamb\u00fa. Funciona con pila de bot\u00f3n incluida y carga solar recargable.<\/p>","protected":false},"featured_media":206466,"comment_status":"open","ping_status":"closed","template":"","meta":{"_acf_changed":false},"product_brand":[14012],"product_cat":[13948,14006,13959],"product_tag":[],"class_list":{"0":"post-206465","1":"product","2":"type-product","3":"status-publish","4":"has-post-thumbnail","6":"product_brand-stamina","7":"product_cat-accesorios","8":"product_cat-acc-merchandising","9":"product_cat-mr-tecnologia","10":"tm-no-options","12":"first","13":"instock","14":"taxable","15":"shipping-taxable","16":"product-type-variable"},"acf":[],"_links":{"self":[{"href":"https:\/\/grupotextil.es\/en\/wp-json\/wp\/v2\/product\/206465","targetHints":{"allow":["GET"]}}],"collection":[{"href":"https:\/\/grupotextil.es\/en\/wp-json\/wp\/v2\/product"}],"about":[{"href":"https:\/\/grupotextil.es\/en\/wp-json\/wp\/v2\/types\/product"}],"replies":[{"embeddable":true,"href":"https:\/\/grupotextil.es\/en\/wp-json\/wp\/v2\/comments?post=206465"}],"wp:featuredmedia":[{"embeddable":true,"href":"https:\/\/grupotextil.es\/en\/wp-json\/wp\/v2\/media\/206466"}],"wp:attachment":[{"href":"https:\/\/grupotextil.es\/en\/wp-json\/wp\/v2\/media?parent=206465"}],"wp:term":[{"taxonomy":"product_brand","embeddable":true,"href":"https:\/\/grupotextil.es\/en\/wp-json\/wp\/v2\/product_brand?post=206465"},{"taxonomy":"product_cat","embeddable":true,"href":"https:\/\/grupotextil.es\/en\/wp-json\/wp\/v2\/product_cat?post=206465"},{"taxonomy":"product_tag","embeddable":true,"href":"https:\/\/grupotextil.es\/en\/wp-json\/wp\/v2\/product_tag?post=206465"}],"curies":[{"name":"wp","href":"https:\/\/api.w.org\/{rel}","templated":true}]}}