{"id":206556,"date":"2026-03-04T00:55:27","date_gmt":"2026-03-03T23:55:27","guid":{"rendered":"https:\/\/grupotextil.es\/producto\/bidon-termico-con-altavoz-stamina-nufrik-1792\/"},"modified":"2026-03-04T06:14:23","modified_gmt":"2026-03-04T05:14:23","slug":"bidon-termico-con-altavoz-stamina-nufrik-1792","status":"publish","type":"product","link":"https:\/\/grupotextil.es\/en\/product\/bidon-termico-con-altavoz-stamina-nufrik-1792\/","title":{"rendered":"Bid\u00f3n T\u00e9rmico Con Altavoz Stamina Nufrik 1792"},"content":{"rendered":"<p>Bid\u00f3n t\u00e9rmico de acero inoxidable 304 de doble pared con altavoz Bluetooth extra\u00edble en la base. Capacidad del bid\u00f3n de 650 ml. Tapa con asa de transporte retra\u00edble. Altavoz con 3W de potencia, con bater\u00eda de litio recargable. Cuenta con botones multifunci\u00f3n de control de reproducci\u00f3n.<\/p>","protected":false},"excerpt":{"rendered":"<p>Bid\u00f3n t\u00e9rmico de acero inoxidable 304 de doble pared con altavoz Bluetooth extra\u00edble en la base. Capacidad del bid\u00f3n de 650 ml. Tapa con asa de transporte retra\u00edble. Altavoz con 3W de potencia, con bater\u00eda de litio recargable. Cuenta con botones multifunci\u00f3n de control de reproducci\u00f3n.<\/p>","protected":false},"featured_media":206557,"comment_status":"open","ping_status":"closed","template":"","meta":{"_acf_changed":false},"product_brand":[14012],"product_cat":[13958,14006,13971],"product_tag":[],"class_list":{"0":"post-206556","1":"product","2":"type-product","3":"status-publish","4":"has-post-thumbnail","6":"product_brand-stamina","7":"product_cat-mr-botellas-y-termos","8":"product_cat-acc-merchandising","9":"product_cat-mr-tazas","10":"tm-no-options","12":"first","13":"instock","14":"taxable","15":"shipping-taxable","16":"product-type-variable"},"acf":[],"_links":{"self":[{"href":"https:\/\/grupotextil.es\/en\/wp-json\/wp\/v2\/product\/206556","targetHints":{"allow":["GET"]}}],"collection":[{"href":"https:\/\/grupotextil.es\/en\/wp-json\/wp\/v2\/product"}],"about":[{"href":"https:\/\/grupotextil.es\/en\/wp-json\/wp\/v2\/types\/product"}],"replies":[{"embeddable":true,"href":"https:\/\/grupotextil.es\/en\/wp-json\/wp\/v2\/comments?post=206556"}],"wp:featuredmedia":[{"embeddable":true,"href":"https:\/\/grupotextil.es\/en\/wp-json\/wp\/v2\/media\/206557"}],"wp:attachment":[{"href":"https:\/\/grupotextil.es\/en\/wp-json\/wp\/v2\/media?parent=206556"}],"wp:term":[{"taxonomy":"product_brand","embeddable":true,"href":"https:\/\/grupotextil.es\/en\/wp-json\/wp\/v2\/product_brand?post=206556"},{"taxonomy":"product_cat","embeddable":true,"href":"https:\/\/grupotextil.es\/en\/wp-json\/wp\/v2\/product_cat?post=206556"},{"taxonomy":"product_tag","embeddable":true,"href":"https:\/\/grupotextil.es\/en\/wp-json\/wp\/v2\/product_tag?post=206556"}],"curies":[{"name":"wp","href":"https:\/\/api.w.org\/{rel}","templated":true}]}}