{"id":206583,"date":"2026-03-04T00:55:55","date_gmt":"2026-03-03T23:55:55","guid":{"rendered":"https:\/\/grupotextil.es\/producto\/altavoz-de-bambu-y-rpet-stamina-bandini-1543\/"},"modified":"2026-03-04T06:14:23","modified_gmt":"2026-03-04T05:14:23","slug":"altavoz-de-bambu-y-rpet-stamina-bandini-1543","status":"publish","type":"product","link":"https:\/\/grupotextil.es\/en\/product\/altavoz-de-bambu-y-rpet-stamina-bandini-1543\/","title":{"rendered":"Altavoz de Bamb\u00fa y RPET Stamina Bandini 1543"},"content":{"rendered":"<p>Altavoz inal\u00e1mbrico redondo fabricado con cuerpo de bamb\u00fa y poli\u00e9ster reciclado RPET, con potencia de 5W y conexi\u00f3n Bluetooth. Distancia m\u00e1xima de funcionamiento de hasta 10 metros y hasta 5 horas de funcionamiento continuo. Recargable mediante cable Tipo C. Con funci\u00f3n de carga inal\u00e1mbrica en la superficie de bamb\u00fa, con 15W de potencia para recarga de dispositivos provistos de esta tecnolog\u00eda. Con indicador luminoso de carga. Presentaci\u00f3n en caja dise\u00f1o eco.<\/p>","protected":false},"excerpt":{"rendered":"<p>Altavoz inal\u00e1mbrico redondo fabricado con cuerpo de bamb\u00fa y poli\u00e9ster reciclado RPET, con potencia de 5W y conexi\u00f3n Bluetooth. Distancia m\u00e1xima de funcionamiento de hasta 10 metros y hasta 5 horas de funcionamiento continuo. Recargable mediante cable Tipo C. Con funci\u00f3n de carga inal\u00e1mbrica en la superficie de bamb\u00fa, con 15W de potencia para recarga de dispositivos provistos de esta tecnolog\u00eda. Con indicador luminoso de carga. Presentaci\u00f3n en caja dise\u00f1o eco.<\/p>","protected":false},"featured_media":206584,"comment_status":"open","ping_status":"closed","template":"","meta":{"_acf_changed":false},"product_brand":[14012],"product_cat":[14006,13959],"product_tag":[],"class_list":{"0":"post-206583","1":"product","2":"type-product","3":"status-publish","4":"has-post-thumbnail","6":"product_brand-stamina","7":"product_cat-acc-merchandising","8":"product_cat-mr-tecnologia","9":"tm-no-options","11":"first","12":"instock","13":"taxable","14":"shipping-taxable","15":"product-type-variable"},"acf":[],"_links":{"self":[{"href":"https:\/\/grupotextil.es\/en\/wp-json\/wp\/v2\/product\/206583","targetHints":{"allow":["GET"]}}],"collection":[{"href":"https:\/\/grupotextil.es\/en\/wp-json\/wp\/v2\/product"}],"about":[{"href":"https:\/\/grupotextil.es\/en\/wp-json\/wp\/v2\/types\/product"}],"replies":[{"embeddable":true,"href":"https:\/\/grupotextil.es\/en\/wp-json\/wp\/v2\/comments?post=206583"}],"wp:featuredmedia":[{"embeddable":true,"href":"https:\/\/grupotextil.es\/en\/wp-json\/wp\/v2\/media\/206584"}],"wp:attachment":[{"href":"https:\/\/grupotextil.es\/en\/wp-json\/wp\/v2\/media?parent=206583"}],"wp:term":[{"taxonomy":"product_brand","embeddable":true,"href":"https:\/\/grupotextil.es\/en\/wp-json\/wp\/v2\/product_brand?post=206583"},{"taxonomy":"product_cat","embeddable":true,"href":"https:\/\/grupotextil.es\/en\/wp-json\/wp\/v2\/product_cat?post=206583"},{"taxonomy":"product_tag","embeddable":true,"href":"https:\/\/grupotextil.es\/en\/wp-json\/wp\/v2\/product_tag?post=206583"}],"curies":[{"name":"wp","href":"https:\/\/api.w.org\/{rel}","templated":true}]}}