{"id":206603,"date":"2026-03-04T00:56:18","date_gmt":"2026-03-03T23:56:18","guid":{"rendered":"https:\/\/grupotextil.es\/producto\/bidon-termico-stamina-pumba-1517\/"},"modified":"2026-03-04T06:14:23","modified_gmt":"2026-03-04T05:14:23","slug":"bidon-termico-stamina-pumba-1517","status":"publish","type":"product","link":"https:\/\/grupotextil.es\/en\/product\/bidon-termico-stamina-pumba-1517\/","title":{"rendered":"Bid\u00f3n T\u00e9rmico Stamina Pumba 1517"},"content":{"rendered":"<p>El bid\u00f3n de acero inoxidable de doble pared, con capacidad de 350 ml, est\u00e1 dise\u00f1ado para mantener las bebidas a la temperatura ideal. Incluye una pajita y un tap\u00f3n con cierre de seguridad para evitar derrames. Su asa de transporte facilita su manejo, mientras que la base antideslizante proporciona estabilidad. Ideal para uso diario, este bid\u00f3n combina practicidad y durabilidad.<\/p>","protected":false},"excerpt":{"rendered":"<p>El bid\u00f3n de acero inoxidable de doble pared, con capacidad de 350 ml, est\u00e1 dise\u00f1ado para mantener las bebidas a la temperatura ideal. Incluye una pajita y un tap\u00f3n con cierre de seguridad para evitar derrames. Su asa de transporte facilita su manejo, mientras que la base antideslizante proporciona estabilidad. Ideal para uso diario, este bid\u00f3n combina practicidad y durabilidad.<\/p>","protected":false},"featured_media":206604,"comment_status":"open","ping_status":"closed","template":"","meta":{"_acf_changed":false},"product_brand":[14012],"product_cat":[13958,14006,13971],"product_tag":[],"class_list":{"0":"post-206603","1":"product","2":"type-product","3":"status-publish","4":"has-post-thumbnail","6":"product_brand-stamina","7":"product_cat-mr-botellas-y-termos","8":"product_cat-acc-merchandising","9":"product_cat-mr-tazas","10":"tm-no-options","12":"first","13":"instock","14":"taxable","15":"shipping-taxable","16":"product-type-variable"},"acf":[],"_links":{"self":[{"href":"https:\/\/grupotextil.es\/en\/wp-json\/wp\/v2\/product\/206603","targetHints":{"allow":["GET"]}}],"collection":[{"href":"https:\/\/grupotextil.es\/en\/wp-json\/wp\/v2\/product"}],"about":[{"href":"https:\/\/grupotextil.es\/en\/wp-json\/wp\/v2\/types\/product"}],"replies":[{"embeddable":true,"href":"https:\/\/grupotextil.es\/en\/wp-json\/wp\/v2\/comments?post=206603"}],"wp:featuredmedia":[{"embeddable":true,"href":"https:\/\/grupotextil.es\/en\/wp-json\/wp\/v2\/media\/206604"}],"wp:attachment":[{"href":"https:\/\/grupotextil.es\/en\/wp-json\/wp\/v2\/media?parent=206603"}],"wp:term":[{"taxonomy":"product_brand","embeddable":true,"href":"https:\/\/grupotextil.es\/en\/wp-json\/wp\/v2\/product_brand?post=206603"},{"taxonomy":"product_cat","embeddable":true,"href":"https:\/\/grupotextil.es\/en\/wp-json\/wp\/v2\/product_cat?post=206603"},{"taxonomy":"product_tag","embeddable":true,"href":"https:\/\/grupotextil.es\/en\/wp-json\/wp\/v2\/product_tag?post=206603"}],"curies":[{"name":"wp","href":"https:\/\/api.w.org\/{rel}","templated":true}]}}