{"id":206614,"date":"2026-03-04T00:56:30","date_gmt":"2026-03-03T23:56:30","guid":{"rendered":"https:\/\/grupotextil.es\/producto\/pantalon-roly-coria-8419-nino\/"},"modified":"2026-03-10T01:58:27","modified_gmt":"2026-03-10T00:58:27","slug":"pantalon-roly-coria-8419-nino","status":"publish","type":"product","link":"https:\/\/grupotextil.es\/en\/product\/pantalon-roly-coria-8419-nino\/","title":{"rendered":"Pantal\u00f3n Roly Coria 8419 Ni\u00f1o"},"content":{"rendered":"<p>Pantal\u00f3n largo de hombre de algod\u00f3n punto liso.<\/p>\n<ul>\n<li>Cinturilla el\u00e1stica con cord\u00f3n ajustable.<\/li>\n<li>Bolsillos laterales.<\/li>\n<li>Doble pespunte en los bajos.<\/li>\n<\/ul>","protected":false},"excerpt":{"rendered":"<p>Pantal\u00f3n largo de hombre de algod\u00f3n punto liso.<\/p>\n<ul>\n<li>Cinturilla el\u00e1stica con cord\u00f3n ajustable.<\/li>\n<li>Bolsillos laterales.<\/li>\n<li>Doble pespunte en los bajos.<\/li>\n<\/ul>","protected":false},"featured_media":206615,"comment_status":"open","ping_status":"closed","template":"","meta":{"_acf_changed":false},"product_brand":[14011],"product_cat":[13939,13976,13999,13973],"product_tag":[],"class_list":{"0":"post-206614","1":"product","2":"type-product","3":"status-publish","4":"has-post-thumbnail","6":"product_brand-roly","7":"product_cat-deportivo","8":"product_cat-ropa-nino","9":"product_cat-n-pantalones","10":"product_cat-ropa","11":"tm-no-options","13":"first","14":"instock","15":"taxable","16":"shipping-taxable","17":"product-type-variable"},"acf":[],"_links":{"self":[{"href":"https:\/\/grupotextil.es\/en\/wp-json\/wp\/v2\/product\/206614","targetHints":{"allow":["GET"]}}],"collection":[{"href":"https:\/\/grupotextil.es\/en\/wp-json\/wp\/v2\/product"}],"about":[{"href":"https:\/\/grupotextil.es\/en\/wp-json\/wp\/v2\/types\/product"}],"replies":[{"embeddable":true,"href":"https:\/\/grupotextil.es\/en\/wp-json\/wp\/v2\/comments?post=206614"}],"wp:featuredmedia":[{"embeddable":true,"href":"https:\/\/grupotextil.es\/en\/wp-json\/wp\/v2\/media\/206615"}],"wp:attachment":[{"href":"https:\/\/grupotextil.es\/en\/wp-json\/wp\/v2\/media?parent=206614"}],"wp:term":[{"taxonomy":"product_brand","embeddable":true,"href":"https:\/\/grupotextil.es\/en\/wp-json\/wp\/v2\/product_brand?post=206614"},{"taxonomy":"product_cat","embeddable":true,"href":"https:\/\/grupotextil.es\/en\/wp-json\/wp\/v2\/product_cat?post=206614"},{"taxonomy":"product_tag","embeddable":true,"href":"https:\/\/grupotextil.es\/en\/wp-json\/wp\/v2\/product_tag?post=206614"}],"curies":[{"name":"wp","href":"https:\/\/api.w.org\/{rel}","templated":true}]}}