{"id":206649,"date":"2026-03-04T00:57:01","date_gmt":"2026-03-03T23:57:01","guid":{"rendered":"https:\/\/grupotextil.es\/producto\/ambientador-stamina-rindal-1316\/"},"modified":"2026-03-04T06:14:24","modified_gmt":"2026-03-04T05:14:24","slug":"ambientador-stamina-rindal-1316","status":"publish","type":"product","link":"https:\/\/grupotextil.es\/en\/product\/ambientador-stamina-rindal-1316\/","title":{"rendered":"Ambientador Stamina Rindal 1316"},"content":{"rendered":"<p>Ambientador de diferentes aromas (Lavanda, pino, oc\u00e9ano y frutos rojos), en bote de cristal con tap\u00f3n de madera y cord\u00f3n de ajuste a juego. Capacidad 5 ml.<\/p>","protected":false},"excerpt":{"rendered":"<p>Ambientador de diferentes aromas (Lavanda, pino, oc\u00e9ano y frutos rojos), en bote de cristal con tap\u00f3n de madera y cord\u00f3n de ajuste a juego. Capacidad 5 ml.<\/p>","protected":false},"featured_media":206650,"comment_status":"open","ping_status":"closed","template":"","meta":{"_acf_changed":false},"product_brand":[14012],"product_cat":[13973],"product_tag":[],"class_list":{"0":"post-206649","1":"product","2":"type-product","3":"status-publish","4":"has-post-thumbnail","6":"product_brand-stamina","7":"product_cat-ropa","8":"tm-no-options","10":"first","11":"instock","12":"taxable","13":"shipping-taxable","14":"product-type-variable"},"acf":[],"_links":{"self":[{"href":"https:\/\/grupotextil.es\/en\/wp-json\/wp\/v2\/product\/206649","targetHints":{"allow":["GET"]}}],"collection":[{"href":"https:\/\/grupotextil.es\/en\/wp-json\/wp\/v2\/product"}],"about":[{"href":"https:\/\/grupotextil.es\/en\/wp-json\/wp\/v2\/types\/product"}],"replies":[{"embeddable":true,"href":"https:\/\/grupotextil.es\/en\/wp-json\/wp\/v2\/comments?post=206649"}],"wp:featuredmedia":[{"embeddable":true,"href":"https:\/\/grupotextil.es\/en\/wp-json\/wp\/v2\/media\/206650"}],"wp:attachment":[{"href":"https:\/\/grupotextil.es\/en\/wp-json\/wp\/v2\/media?parent=206649"}],"wp:term":[{"taxonomy":"product_brand","embeddable":true,"href":"https:\/\/grupotextil.es\/en\/wp-json\/wp\/v2\/product_brand?post=206649"},{"taxonomy":"product_cat","embeddable":true,"href":"https:\/\/grupotextil.es\/en\/wp-json\/wp\/v2\/product_cat?post=206649"},{"taxonomy":"product_tag","embeddable":true,"href":"https:\/\/grupotextil.es\/en\/wp-json\/wp\/v2\/product_tag?post=206649"}],"curies":[{"name":"wp","href":"https:\/\/api.w.org\/{rel}","templated":true}]}}