{"id":207124,"date":"2026-03-04T01:02:11","date_gmt":"2026-03-04T00:02:11","guid":{"rendered":"https:\/\/grupotextil.es\/producto\/outlet-sudadera-roly-annapurna-1104-hombre\/"},"modified":"2026-03-04T06:14:26","modified_gmt":"2026-03-04T05:14:26","slug":"outlet-sudadera-roly-annapurna-1104-hombre","status":"publish","type":"product","link":"https:\/\/grupotextil.es\/en\/product\/outlet-sudadera-roly-annapurna-1104-hombre\/","title":{"rendered":"*OUTLET* Sudadera Roly Annapurna 1104 Hombre"},"content":{"rendered":"<p>Sudadera de algod\u00f3n de manga larga estilo ranglan. Con ribete, pu\u00f1os, cintura y cuello en canal\u00e9 1\u00d71. Cuello redondo con adorno de costuras remalladas cruzadas y cubrecosturas de refuerzo en el interior del cuello.<\/p>","protected":false},"excerpt":{"rendered":"<p>Sudadera de algod\u00f3n de manga larga estilo ranglan. Con ribete, pu\u00f1os, cintura y cuello en canal\u00e9 1\u00d71. Cuello redondo con adorno de costuras remalladas cruzadas y cubrecosturas de refuerzo en el interior del cuello.<\/p>","protected":false},"featured_media":207125,"comment_status":"open","ping_status":"closed","template":"","meta":{"_acf_changed":false},"product_brand":[14011],"product_cat":[13974,13975,13973],"product_tag":[],"class_list":{"0":"post-207124","1":"product","2":"type-product","3":"status-publish","4":"has-post-thumbnail","6":"product_brand-roly","7":"product_cat-ropa-hombre","8":"product_cat-ropa-mujer","9":"product_cat-ropa","10":"tm-no-options","12":"first","13":"instock","14":"taxable","15":"shipping-taxable","16":"product-type-variable"},"acf":[],"_links":{"self":[{"href":"https:\/\/grupotextil.es\/en\/wp-json\/wp\/v2\/product\/207124","targetHints":{"allow":["GET"]}}],"collection":[{"href":"https:\/\/grupotextil.es\/en\/wp-json\/wp\/v2\/product"}],"about":[{"href":"https:\/\/grupotextil.es\/en\/wp-json\/wp\/v2\/types\/product"}],"replies":[{"embeddable":true,"href":"https:\/\/grupotextil.es\/en\/wp-json\/wp\/v2\/comments?post=207124"}],"wp:featuredmedia":[{"embeddable":true,"href":"https:\/\/grupotextil.es\/en\/wp-json\/wp\/v2\/media\/207125"}],"wp:attachment":[{"href":"https:\/\/grupotextil.es\/en\/wp-json\/wp\/v2\/media?parent=207124"}],"wp:term":[{"taxonomy":"product_brand","embeddable":true,"href":"https:\/\/grupotextil.es\/en\/wp-json\/wp\/v2\/product_brand?post=207124"},{"taxonomy":"product_cat","embeddable":true,"href":"https:\/\/grupotextil.es\/en\/wp-json\/wp\/v2\/product_cat?post=207124"},{"taxonomy":"product_tag","embeddable":true,"href":"https:\/\/grupotextil.es\/en\/wp-json\/wp\/v2\/product_tag?post=207124"}],"curies":[{"name":"wp","href":"https:\/\/api.w.org\/{rel}","templated":true}]}}