{"id":207269,"date":"2026-03-04T01:03:56","date_gmt":"2026-03-04T00:03:56","guid":{"rendered":"https:\/\/grupotextil.es\/producto\/bidon-stamina-sivas-1910\/"},"modified":"2026-03-04T06:14:26","modified_gmt":"2026-03-04T05:14:26","slug":"bidon-stamina-sivas-1910","status":"publish","type":"product","link":"https:\/\/grupotextil.es\/en\/product\/bidon-stamina-sivas-1910\/","title":{"rendered":"Bid\u00f3n Stamina Sivas 1910"},"content":{"rendered":"<p>Bid\u00f3n t\u00e9rmico de elaborado en acero inoxidable 304 reciclado. Tiene una capacidad de 500ml. Se caracteriza por contar con un cuerpo en acabado suave tacto goma. Adem\u00e1s incorpora un asa de silicona, lo que la hace flexible y c\u00f3moda en su uso y transporte. Cuenta con un sistema antigoteo gracias al anillo de silicona incorporado en el interior de su tapa. La tapa y el asa van a conjunto del cuerpo.<\/p>","protected":false},"excerpt":{"rendered":"<p>Bid\u00f3n t\u00e9rmico de elaborado en acero inoxidable 304 reciclado. Tiene una capacidad de 500ml. Se caracteriza por contar con un cuerpo en acabado suave tacto goma. Adem\u00e1s incorpora un asa de silicona, lo que la hace flexible y c\u00f3moda en su uso y transporte. Cuenta con un sistema antigoteo gracias al anillo de silicona incorporado en el interior de su tapa. La tapa y el asa van a conjunto del cuerpo.<\/p>","protected":false},"featured_media":207270,"comment_status":"open","ping_status":"closed","template":"","meta":{"_acf_changed":false},"product_brand":[14012],"product_cat":[13958,14006,13971],"product_tag":[],"class_list":{"0":"post-207269","1":"product","2":"type-product","3":"status-publish","4":"has-post-thumbnail","6":"product_brand-stamina","7":"product_cat-mr-botellas-y-termos","8":"product_cat-acc-merchandising","9":"product_cat-mr-tazas","10":"tm-no-options","12":"first","13":"instock","14":"taxable","15":"shipping-taxable","16":"product-type-variable"},"acf":[],"_links":{"self":[{"href":"https:\/\/grupotextil.es\/en\/wp-json\/wp\/v2\/product\/207269","targetHints":{"allow":["GET"]}}],"collection":[{"href":"https:\/\/grupotextil.es\/en\/wp-json\/wp\/v2\/product"}],"about":[{"href":"https:\/\/grupotextil.es\/en\/wp-json\/wp\/v2\/types\/product"}],"replies":[{"embeddable":true,"href":"https:\/\/grupotextil.es\/en\/wp-json\/wp\/v2\/comments?post=207269"}],"wp:featuredmedia":[{"embeddable":true,"href":"https:\/\/grupotextil.es\/en\/wp-json\/wp\/v2\/media\/207270"}],"wp:attachment":[{"href":"https:\/\/grupotextil.es\/en\/wp-json\/wp\/v2\/media?parent=207269"}],"wp:term":[{"taxonomy":"product_brand","embeddable":true,"href":"https:\/\/grupotextil.es\/en\/wp-json\/wp\/v2\/product_brand?post=207269"},{"taxonomy":"product_cat","embeddable":true,"href":"https:\/\/grupotextil.es\/en\/wp-json\/wp\/v2\/product_cat?post=207269"},{"taxonomy":"product_tag","embeddable":true,"href":"https:\/\/grupotextil.es\/en\/wp-json\/wp\/v2\/product_tag?post=207269"}],"curies":[{"name":"wp","href":"https:\/\/api.w.org\/{rel}","templated":true}]}}