{"id":207299,"date":"2026-03-04T01:04:54","date_gmt":"2026-03-04T00:04:54","guid":{"rendered":"https:\/\/grupotextil.es\/producto\/sacacorchos-electrico-stamina-pingux-1891\/"},"modified":"2026-03-04T06:14:27","modified_gmt":"2026-03-04T05:14:27","slug":"sacacorchos-electrico-stamina-pingux-1891","status":"publish","type":"product","link":"https:\/\/grupotextil.es\/en\/product\/sacacorchos-electrico-stamina-pingux-1891\/","title":{"rendered":"Sacacorchos El\u00e9ctrico Stamina Pingux 1891"},"content":{"rendered":"<p>Sacacorchos el\u00e9ctrico con bater\u00eda recargable. Elaborado en acero inoxidable y ABS. Cuenta con cortac\u00e1psulas y bot\u00f3n de control. Un mecanismo sencillo, pr\u00e1ctico y \u00fatil para descorchar las botellas.<\/p>","protected":false},"excerpt":{"rendered":"<p>Sacacorchos el\u00e9ctrico con bater\u00eda recargable. Elaborado en acero inoxidable y ABS. Cuenta con cortac\u00e1psulas y bot\u00f3n de control. Un mecanismo sencillo, pr\u00e1ctico y \u00fatil para descorchar las botellas.<\/p>","protected":false},"featured_media":207300,"comment_status":"open","ping_status":"closed","template":"","meta":{"_acf_changed":false},"product_brand":[14012],"product_cat":[14006,13971],"product_tag":[],"class_list":{"0":"post-207299","1":"product","2":"type-product","3":"status-publish","4":"has-post-thumbnail","6":"product_brand-stamina","7":"product_cat-acc-merchandising","8":"product_cat-mr-tazas","9":"tm-no-options","11":"first","12":"instock","13":"taxable","14":"shipping-taxable","15":"product-type-variable"},"acf":[],"_links":{"self":[{"href":"https:\/\/grupotextil.es\/en\/wp-json\/wp\/v2\/product\/207299","targetHints":{"allow":["GET"]}}],"collection":[{"href":"https:\/\/grupotextil.es\/en\/wp-json\/wp\/v2\/product"}],"about":[{"href":"https:\/\/grupotextil.es\/en\/wp-json\/wp\/v2\/types\/product"}],"replies":[{"embeddable":true,"href":"https:\/\/grupotextil.es\/en\/wp-json\/wp\/v2\/comments?post=207299"}],"wp:featuredmedia":[{"embeddable":true,"href":"https:\/\/grupotextil.es\/en\/wp-json\/wp\/v2\/media\/207300"}],"wp:attachment":[{"href":"https:\/\/grupotextil.es\/en\/wp-json\/wp\/v2\/media?parent=207299"}],"wp:term":[{"taxonomy":"product_brand","embeddable":true,"href":"https:\/\/grupotextil.es\/en\/wp-json\/wp\/v2\/product_brand?post=207299"},{"taxonomy":"product_cat","embeddable":true,"href":"https:\/\/grupotextil.es\/en\/wp-json\/wp\/v2\/product_cat?post=207299"},{"taxonomy":"product_tag","embeddable":true,"href":"https:\/\/grupotextil.es\/en\/wp-json\/wp\/v2\/product_tag?post=207299"}],"curies":[{"name":"wp","href":"https:\/\/api.w.org\/{rel}","templated":true}]}}