{"id":207323,"date":"2026-03-04T01:05:55","date_gmt":"2026-03-04T00:05:55","guid":{"rendered":"https:\/\/grupotextil.es\/producto\/bolsa-organica-stamina-dorsi-1653\/"},"modified":"2026-03-04T06:14:27","modified_gmt":"2026-03-04T05:14:27","slug":"bolsa-organica-stamina-dorsi-1653","status":"publish","type":"product","link":"https:\/\/grupotextil.es\/en\/product\/bolsa-organica-stamina-dorsi-1653\/","title":{"rendered":"Bolsa Org\u00e1nica Stamina Dorsi 1653"},"content":{"rendered":"<p>Bolsa 100% algod\u00f3n a color con asas de 70 cm a juego. Una opci\u00f3n c\u00f3moda y sostenible para el transporte de una diversidad de objetos.<\/p>","protected":false},"excerpt":{"rendered":"<p>Bolsa 100% algod\u00f3n a color con asas de 70 cm a juego. Una opci\u00f3n c\u00f3moda y sostenible para el transporte de una diversidad de objetos.<\/p>","protected":false},"featured_media":207324,"comment_status":"open","ping_status":"closed","template":"","meta":{"_acf_changed":false},"product_brand":[14012],"product_cat":[13948,14008,14007,9841],"product_tag":[],"class_list":{"0":"post-207323","1":"product","2":"type-product","3":"status-publish","4":"has-post-thumbnail","6":"product_brand-stamina","7":"product_cat-accesorios","8":"product_cat-accesorios-reciclados","9":"product_cat-ropa-organica","10":"product_cat-sostenible","11":"tm-no-options","13":"first","14":"instock","15":"taxable","16":"shipping-taxable","17":"product-type-variable"},"acf":[],"_links":{"self":[{"href":"https:\/\/grupotextil.es\/en\/wp-json\/wp\/v2\/product\/207323","targetHints":{"allow":["GET"]}}],"collection":[{"href":"https:\/\/grupotextil.es\/en\/wp-json\/wp\/v2\/product"}],"about":[{"href":"https:\/\/grupotextil.es\/en\/wp-json\/wp\/v2\/types\/product"}],"replies":[{"embeddable":true,"href":"https:\/\/grupotextil.es\/en\/wp-json\/wp\/v2\/comments?post=207323"}],"wp:featuredmedia":[{"embeddable":true,"href":"https:\/\/grupotextil.es\/en\/wp-json\/wp\/v2\/media\/207324"}],"wp:attachment":[{"href":"https:\/\/grupotextil.es\/en\/wp-json\/wp\/v2\/media?parent=207323"}],"wp:term":[{"taxonomy":"product_brand","embeddable":true,"href":"https:\/\/grupotextil.es\/en\/wp-json\/wp\/v2\/product_brand?post=207323"},{"taxonomy":"product_cat","embeddable":true,"href":"https:\/\/grupotextil.es\/en\/wp-json\/wp\/v2\/product_cat?post=207323"},{"taxonomy":"product_tag","embeddable":true,"href":"https:\/\/grupotextil.es\/en\/wp-json\/wp\/v2\/product_tag?post=207323"}],"curies":[{"name":"wp","href":"https:\/\/api.w.org\/{rel}","templated":true}]}}