{"id":207341,"date":"2026-03-04T01:06:12","date_gmt":"2026-03-04T00:06:12","guid":{"rendered":"https:\/\/grupotextil.es\/producto\/boligrafo-hexagonal-stamina-alister-1772\/"},"modified":"2026-03-04T06:14:27","modified_gmt":"2026-03-04T05:14:27","slug":"boligrafo-hexagonal-stamina-alister-1772","status":"publish","type":"product","link":"https:\/\/grupotextil.es\/en\/product\/boligrafo-hexagonal-stamina-alister-1772\/","title":{"rendered":"Bol\u00edgrafo Hexagonal Stamina Alister 1772"},"content":{"rendered":"<p>Bol\u00edgrafo hexagonal con cuerpo y pulsador de bamb\u00fa. Detalles cromados. Tinta azul.<\/p>","protected":false},"excerpt":{"rendered":"<p>Bol\u00edgrafo hexagonal con cuerpo y pulsador de bamb\u00fa. Detalles cromados. Tinta azul.<\/p>","protected":false},"featured_media":207342,"comment_status":"open","ping_status":"closed","template":"","meta":{"_acf_changed":false},"product_brand":[14012],"product_cat":[14006,13972],"product_tag":[],"class_list":{"0":"post-207341","1":"product","2":"type-product","3":"status-publish","4":"has-post-thumbnail","6":"product_brand-stamina","7":"product_cat-acc-merchandising","8":"product_cat-oficina-y-escritura","9":"tm-no-options","11":"first","12":"instock","13":"taxable","14":"shipping-taxable","15":"product-type-variable"},"acf":[],"_links":{"self":[{"href":"https:\/\/grupotextil.es\/en\/wp-json\/wp\/v2\/product\/207341","targetHints":{"allow":["GET"]}}],"collection":[{"href":"https:\/\/grupotextil.es\/en\/wp-json\/wp\/v2\/product"}],"about":[{"href":"https:\/\/grupotextil.es\/en\/wp-json\/wp\/v2\/types\/product"}],"replies":[{"embeddable":true,"href":"https:\/\/grupotextil.es\/en\/wp-json\/wp\/v2\/comments?post=207341"}],"wp:featuredmedia":[{"embeddable":true,"href":"https:\/\/grupotextil.es\/en\/wp-json\/wp\/v2\/media\/207342"}],"wp:attachment":[{"href":"https:\/\/grupotextil.es\/en\/wp-json\/wp\/v2\/media?parent=207341"}],"wp:term":[{"taxonomy":"product_brand","embeddable":true,"href":"https:\/\/grupotextil.es\/en\/wp-json\/wp\/v2\/product_brand?post=207341"},{"taxonomy":"product_cat","embeddable":true,"href":"https:\/\/grupotextil.es\/en\/wp-json\/wp\/v2\/product_cat?post=207341"},{"taxonomy":"product_tag","embeddable":true,"href":"https:\/\/grupotextil.es\/en\/wp-json\/wp\/v2\/product_tag?post=207341"}],"curies":[{"name":"wp","href":"https:\/\/api.w.org\/{rel}","templated":true}]}}