{"id":207348,"date":"2026-03-04T01:06:25","date_gmt":"2026-03-04T00:06:25","guid":{"rendered":"https:\/\/grupotextil.es\/producto\/bidon-acero-inoxidable-stamina-tomak-1790\/"},"modified":"2026-03-04T06:14:27","modified_gmt":"2026-03-04T05:14:27","slug":"bidon-acero-inoxidable-stamina-tomak-1790","status":"publish","type":"product","link":"https:\/\/grupotextil.es\/en\/product\/bidon-acero-inoxidable-stamina-tomak-1790\/","title":{"rendered":"Bid\u00f3n Acero Inoxidable Stamina Tomak 1790"},"content":{"rendered":"<p>Bid\u00f3n de acero inoxidable 304 reciclado. Con capacidad para 750 ml y acabado metalizado. Cuenta con tap\u00f3n a rosca con silicona para evitar el goteo de las bebidas. Incorpora tambi\u00e9n un mosquet\u00f3n en el tap\u00f3n para hacer m\u00e1s f\u00e1cil su transporte. Color blanco apto para sublimaci\u00f3n.<\/p>","protected":false},"excerpt":{"rendered":"<p>Bid\u00f3n de acero inoxidable 304 reciclado. Con capacidad para 750 ml y acabado metalizado. Cuenta con tap\u00f3n a rosca con silicona para evitar el goteo de las bebidas. Incorpora tambi\u00e9n un mosquet\u00f3n en el tap\u00f3n para hacer m\u00e1s f\u00e1cil su transporte. Color blanco apto para sublimaci\u00f3n.<\/p>","protected":false},"featured_media":207349,"comment_status":"open","ping_status":"closed","template":"","meta":{"_acf_changed":false},"product_brand":[14012],"product_cat":[13958,14006,13971],"product_tag":[],"class_list":{"0":"post-207348","1":"product","2":"type-product","3":"status-publish","4":"has-post-thumbnail","6":"product_brand-stamina","7":"product_cat-mr-botellas-y-termos","8":"product_cat-acc-merchandising","9":"product_cat-mr-tazas","10":"tm-no-options","12":"first","13":"instock","14":"taxable","15":"shipping-taxable","16":"product-type-variable"},"acf":[],"_links":{"self":[{"href":"https:\/\/grupotextil.es\/en\/wp-json\/wp\/v2\/product\/207348","targetHints":{"allow":["GET"]}}],"collection":[{"href":"https:\/\/grupotextil.es\/en\/wp-json\/wp\/v2\/product"}],"about":[{"href":"https:\/\/grupotextil.es\/en\/wp-json\/wp\/v2\/types\/product"}],"replies":[{"embeddable":true,"href":"https:\/\/grupotextil.es\/en\/wp-json\/wp\/v2\/comments?post=207348"}],"wp:featuredmedia":[{"embeddable":true,"href":"https:\/\/grupotextil.es\/en\/wp-json\/wp\/v2\/media\/207349"}],"wp:attachment":[{"href":"https:\/\/grupotextil.es\/en\/wp-json\/wp\/v2\/media?parent=207348"}],"wp:term":[{"taxonomy":"product_brand","embeddable":true,"href":"https:\/\/grupotextil.es\/en\/wp-json\/wp\/v2\/product_brand?post=207348"},{"taxonomy":"product_cat","embeddable":true,"href":"https:\/\/grupotextil.es\/en\/wp-json\/wp\/v2\/product_cat?post=207348"},{"taxonomy":"product_tag","embeddable":true,"href":"https:\/\/grupotextil.es\/en\/wp-json\/wp\/v2\/product_tag?post=207348"}],"curies":[{"name":"wp","href":"https:\/\/api.w.org\/{rel}","templated":true}]}}