{"id":207408,"date":"2026-03-04T01:07:29","date_gmt":"2026-03-04T00:07:29","guid":{"rendered":"https:\/\/grupotextil.es\/producto\/bloc-de-notas-a5-stamina-fruti-1604\/"},"modified":"2026-03-04T06:14:27","modified_gmt":"2026-03-04T05:14:27","slug":"bloc-de-notas-a5-stamina-fruti-1604","status":"publish","type":"product","link":"https:\/\/grupotextil.es\/en\/product\/bloc-de-notas-a5-stamina-fruti-1604\/","title":{"rendered":"Bloc de Notas A5 Stamina Fruti 1604"},"content":{"rendered":"<p>Bloc de notas tama\u00f1o A5 con tapas duras elaborado a partir de restos de frutas. Incluye marcap\u00e1ginas y banda el\u00e1sticas a juego. Interior con 80 hojas a rayas, ideal para tomar notas con un toque ecol\u00f3gico y original.<\/p>","protected":false},"excerpt":{"rendered":"<p>Bloc de notas tama\u00f1o A5 con tapas duras elaborado a partir de restos de frutas. Incluye marcap\u00e1ginas y banda el\u00e1sticas a juego. Interior con 80 hojas a rayas, ideal para tomar notas con un toque ecol\u00f3gico y original.<\/p>","protected":false},"featured_media":207409,"comment_status":"open","ping_status":"closed","template":"","meta":{"_acf_changed":false},"product_brand":[14012],"product_cat":[14006,13972],"product_tag":[],"class_list":{"0":"post-207408","1":"product","2":"type-product","3":"status-publish","4":"has-post-thumbnail","6":"product_brand-stamina","7":"product_cat-acc-merchandising","8":"product_cat-oficina-y-escritura","9":"tm-no-options","11":"first","12":"instock","13":"taxable","14":"shipping-taxable","15":"product-type-variable"},"acf":[],"_links":{"self":[{"href":"https:\/\/grupotextil.es\/en\/wp-json\/wp\/v2\/product\/207408","targetHints":{"allow":["GET"]}}],"collection":[{"href":"https:\/\/grupotextil.es\/en\/wp-json\/wp\/v2\/product"}],"about":[{"href":"https:\/\/grupotextil.es\/en\/wp-json\/wp\/v2\/types\/product"}],"replies":[{"embeddable":true,"href":"https:\/\/grupotextil.es\/en\/wp-json\/wp\/v2\/comments?post=207408"}],"wp:featuredmedia":[{"embeddable":true,"href":"https:\/\/grupotextil.es\/en\/wp-json\/wp\/v2\/media\/207409"}],"wp:attachment":[{"href":"https:\/\/grupotextil.es\/en\/wp-json\/wp\/v2\/media?parent=207408"}],"wp:term":[{"taxonomy":"product_brand","embeddable":true,"href":"https:\/\/grupotextil.es\/en\/wp-json\/wp\/v2\/product_brand?post=207408"},{"taxonomy":"product_cat","embeddable":true,"href":"https:\/\/grupotextil.es\/en\/wp-json\/wp\/v2\/product_cat?post=207408"},{"taxonomy":"product_tag","embeddable":true,"href":"https:\/\/grupotextil.es\/en\/wp-json\/wp\/v2\/product_tag?post=207408"}],"curies":[{"name":"wp","href":"https:\/\/api.w.org\/{rel}","templated":true}]}}