{"id":207505,"date":"2026-03-04T01:08:49","date_gmt":"2026-03-04T00:08:49","guid":{"rendered":"https:\/\/grupotextil.es\/producto\/balon-inflable-stamina-yazos-1474\/"},"modified":"2026-03-04T06:14:28","modified_gmt":"2026-03-04T05:14:28","slug":"balon-inflable-stamina-yazos-1474","status":"publish","type":"product","link":"https:\/\/grupotextil.es\/en\/product\/balon-inflable-stamina-yazos-1474\/","title":{"rendered":"Bal\u00f3n Inflable Stamina Yazos 1474"},"content":{"rendered":"<p>Bal\u00f3n inflable de PVC combinado transl\u00facido y s\u00f3lido. Desinflado: 37 cm. Inflado: 28 cm.<\/p>","protected":false},"excerpt":{"rendered":"<p>Bal\u00f3n inflable de PVC combinado transl\u00facido y s\u00f3lido. Desinflado: 37 cm. Inflado: 28 cm.<\/p>","protected":false},"featured_media":207506,"comment_status":"open","ping_status":"closed","template":"","meta":{"_acf_changed":false},"product_brand":[14012],"product_cat":[13961,14006],"product_tag":[],"class_list":{"0":"post-207505","1":"product","2":"type-product","3":"status-publish","4":"has-post-thumbnail","6":"product_brand-stamina","7":"product_cat-mr-articulos-de-playa","8":"product_cat-acc-merchandising","9":"tm-no-options","11":"first","12":"instock","13":"taxable","14":"shipping-taxable","15":"product-type-variable"},"acf":[],"_links":{"self":[{"href":"https:\/\/grupotextil.es\/en\/wp-json\/wp\/v2\/product\/207505","targetHints":{"allow":["GET"]}}],"collection":[{"href":"https:\/\/grupotextil.es\/en\/wp-json\/wp\/v2\/product"}],"about":[{"href":"https:\/\/grupotextil.es\/en\/wp-json\/wp\/v2\/types\/product"}],"replies":[{"embeddable":true,"href":"https:\/\/grupotextil.es\/en\/wp-json\/wp\/v2\/comments?post=207505"}],"wp:featuredmedia":[{"embeddable":true,"href":"https:\/\/grupotextil.es\/en\/wp-json\/wp\/v2\/media\/207506"}],"wp:attachment":[{"href":"https:\/\/grupotextil.es\/en\/wp-json\/wp\/v2\/media?parent=207505"}],"wp:term":[{"taxonomy":"product_brand","embeddable":true,"href":"https:\/\/grupotextil.es\/en\/wp-json\/wp\/v2\/product_brand?post=207505"},{"taxonomy":"product_cat","embeddable":true,"href":"https:\/\/grupotextil.es\/en\/wp-json\/wp\/v2\/product_cat?post=207505"},{"taxonomy":"product_tag","embeddable":true,"href":"https:\/\/grupotextil.es\/en\/wp-json\/wp\/v2\/product_tag?post=207505"}],"curies":[{"name":"wp","href":"https:\/\/api.w.org\/{rel}","templated":true}]}}