{"id":207533,"date":"2026-03-04T01:09:16","date_gmt":"2026-03-04T00:09:16","guid":{"rendered":"https:\/\/grupotextil.es\/producto\/bolso-multifuncion-de-poliester-reciclado-stamina-balmor-7198\/"},"modified":"2026-03-04T06:14:28","modified_gmt":"2026-03-04T05:14:28","slug":"bolso-multifuncion-de-poliester-reciclado-stamina-balmor-7198","status":"publish","type":"product","link":"https:\/\/grupotextil.es\/en\/product\/bolso-multifuncion-de-poliester-reciclado-stamina-balmor-7198\/","title":{"rendered":"Bolso Multifunci\u00f3n de Poli\u00e9ster Reciclado Stamina Balmor 7198"},"content":{"rendered":"<p>Bolso multifunci\u00f3n realizado en RPET 300D de dise\u00f1o vigor\u00e9. Capacidad 30L. Bolsillo principal y frontal con cierre de cremallera. Bolsillo lateral de rejilla. Incluye cinta bandolera ajustable.<\/p>","protected":false},"excerpt":{"rendered":"<p>Bolso multifunci\u00f3n realizado en RPET 300D de dise\u00f1o vigor\u00e9. Capacidad 30L. Bolsillo principal y frontal con cierre de cremallera. Bolsillo lateral de rejilla. Incluye cinta bandolera ajustable.<\/p>","protected":false},"featured_media":207534,"comment_status":"open","ping_status":"closed","template":"","meta":{"_acf_changed":false},"product_brand":[14012],"product_cat":[13948,14008,9841],"product_tag":[],"class_list":{"0":"post-207533","1":"product","2":"type-product","3":"status-publish","4":"has-post-thumbnail","6":"product_brand-stamina","7":"product_cat-accesorios","8":"product_cat-accesorios-reciclados","9":"product_cat-sostenible","10":"tm-no-options","12":"first","13":"instock","14":"taxable","15":"shipping-taxable","16":"product-type-variable"},"acf":[],"_links":{"self":[{"href":"https:\/\/grupotextil.es\/en\/wp-json\/wp\/v2\/product\/207533","targetHints":{"allow":["GET"]}}],"collection":[{"href":"https:\/\/grupotextil.es\/en\/wp-json\/wp\/v2\/product"}],"about":[{"href":"https:\/\/grupotextil.es\/en\/wp-json\/wp\/v2\/types\/product"}],"replies":[{"embeddable":true,"href":"https:\/\/grupotextil.es\/en\/wp-json\/wp\/v2\/comments?post=207533"}],"wp:featuredmedia":[{"embeddable":true,"href":"https:\/\/grupotextil.es\/en\/wp-json\/wp\/v2\/media\/207534"}],"wp:attachment":[{"href":"https:\/\/grupotextil.es\/en\/wp-json\/wp\/v2\/media?parent=207533"}],"wp:term":[{"taxonomy":"product_brand","embeddable":true,"href":"https:\/\/grupotextil.es\/en\/wp-json\/wp\/v2\/product_brand?post=207533"},{"taxonomy":"product_cat","embeddable":true,"href":"https:\/\/grupotextil.es\/en\/wp-json\/wp\/v2\/product_cat?post=207533"},{"taxonomy":"product_tag","embeddable":true,"href":"https:\/\/grupotextil.es\/en\/wp-json\/wp\/v2\/product_tag?post=207533"}],"curies":[{"name":"wp","href":"https:\/\/api.w.org\/{rel}","templated":true}]}}