{"id":207548,"date":"2026-03-04T01:09:42","date_gmt":"2026-03-04T00:09:42","guid":{"rendered":"https:\/\/grupotextil.es\/producto\/bidon-stamina-saoko-4203\/"},"modified":"2026-03-04T06:14:29","modified_gmt":"2026-03-04T05:14:29","slug":"bidon-stamina-saoko-4203","status":"publish","type":"product","link":"https:\/\/grupotextil.es\/en\/product\/bidon-stamina-saoko-4203\/","title":{"rendered":"Bid\u00f3n Stamina Saoko 4203"},"content":{"rendered":"<p>Bid\u00f3n de cristal borosilicato de doble pared con tapa de bamb\u00fa. Incluye infusor de t\u00e9, para que puedas tomarlo en cualquier lugar. Capacidad de 420 ml.<\/p>","protected":false},"excerpt":{"rendered":"<p>Bid\u00f3n de cristal borosilicato de doble pared con tapa de bamb\u00fa. Incluye infusor de t\u00e9, para que puedas tomarlo en cualquier lugar. Capacidad de 420 ml.<\/p>","protected":false},"featured_media":207549,"comment_status":"open","ping_status":"closed","template":"","meta":{"_acf_changed":false},"product_brand":[14012],"product_cat":[13958,14006,13971],"product_tag":[],"class_list":{"0":"post-207548","1":"product","2":"type-product","3":"status-publish","4":"has-post-thumbnail","6":"product_brand-stamina","7":"product_cat-mr-botellas-y-termos","8":"product_cat-acc-merchandising","9":"product_cat-mr-tazas","10":"tm-no-options","12":"first","13":"instock","14":"taxable","15":"shipping-taxable","16":"product-type-variable"},"acf":[],"_links":{"self":[{"href":"https:\/\/grupotextil.es\/en\/wp-json\/wp\/v2\/product\/207548","targetHints":{"allow":["GET"]}}],"collection":[{"href":"https:\/\/grupotextil.es\/en\/wp-json\/wp\/v2\/product"}],"about":[{"href":"https:\/\/grupotextil.es\/en\/wp-json\/wp\/v2\/types\/product"}],"replies":[{"embeddable":true,"href":"https:\/\/grupotextil.es\/en\/wp-json\/wp\/v2\/comments?post=207548"}],"wp:featuredmedia":[{"embeddable":true,"href":"https:\/\/grupotextil.es\/en\/wp-json\/wp\/v2\/media\/207549"}],"wp:attachment":[{"href":"https:\/\/grupotextil.es\/en\/wp-json\/wp\/v2\/media?parent=207548"}],"wp:term":[{"taxonomy":"product_brand","embeddable":true,"href":"https:\/\/grupotextil.es\/en\/wp-json\/wp\/v2\/product_brand?post=207548"},{"taxonomy":"product_cat","embeddable":true,"href":"https:\/\/grupotextil.es\/en\/wp-json\/wp\/v2\/product_cat?post=207548"},{"taxonomy":"product_tag","embeddable":true,"href":"https:\/\/grupotextil.es\/en\/wp-json\/wp\/v2\/product_tag?post=207548"}],"curies":[{"name":"wp","href":"https:\/\/api.w.org\/{rel}","templated":true}]}}