{"id":207573,"date":"2026-03-04T01:10:11","date_gmt":"2026-03-04T00:10:11","guid":{"rendered":"https:\/\/grupotextil.es\/producto\/bidon-de-acero-inoxidable-stamina-selby-4200\/"},"modified":"2026-03-04T06:14:29","modified_gmt":"2026-03-04T05:14:29","slug":"bidon-de-acero-inoxidable-stamina-selby-4200","status":"publish","type":"product","link":"https:\/\/grupotextil.es\/en\/product\/bidon-de-acero-inoxidable-stamina-selby-4200\/","title":{"rendered":"Bid\u00f3n de Acero Inoxidable Stamina Selby 4200"},"content":{"rendered":"<p>Bid\u00f3n de acero inoxidable 304 especial para sublimaci\u00f3n. Capacidad 700 ml. Con tap\u00f3n a rosca antigoteo, con anillo de silicona en \u00e9l, para reforzar su cierre. Crea un bid\u00f3n personalizado \u00fanico.<\/p>","protected":false},"excerpt":{"rendered":"<p>Bid\u00f3n de acero inoxidable 304 especial para sublimaci\u00f3n. Capacidad 700 ml. Con tap\u00f3n a rosca antigoteo, con anillo de silicona en \u00e9l, para reforzar su cierre. Crea un bid\u00f3n personalizado \u00fanico.<\/p>","protected":false},"featured_media":207574,"comment_status":"open","ping_status":"closed","template":"","meta":{"_acf_changed":false},"product_brand":[14012],"product_cat":[13958,14006,13971],"product_tag":[],"class_list":{"0":"post-207573","1":"product","2":"type-product","3":"status-publish","4":"has-post-thumbnail","6":"product_brand-stamina","7":"product_cat-mr-botellas-y-termos","8":"product_cat-acc-merchandising","9":"product_cat-mr-tazas","10":"tm-no-options","12":"first","13":"instock","14":"taxable","15":"shipping-taxable","16":"product-type-variable"},"acf":[],"_links":{"self":[{"href":"https:\/\/grupotextil.es\/en\/wp-json\/wp\/v2\/product\/207573","targetHints":{"allow":["GET"]}}],"collection":[{"href":"https:\/\/grupotextil.es\/en\/wp-json\/wp\/v2\/product"}],"about":[{"href":"https:\/\/grupotextil.es\/en\/wp-json\/wp\/v2\/types\/product"}],"replies":[{"embeddable":true,"href":"https:\/\/grupotextil.es\/en\/wp-json\/wp\/v2\/comments?post=207573"}],"wp:featuredmedia":[{"embeddable":true,"href":"https:\/\/grupotextil.es\/en\/wp-json\/wp\/v2\/media\/207574"}],"wp:attachment":[{"href":"https:\/\/grupotextil.es\/en\/wp-json\/wp\/v2\/media?parent=207573"}],"wp:term":[{"taxonomy":"product_brand","embeddable":true,"href":"https:\/\/grupotextil.es\/en\/wp-json\/wp\/v2\/product_brand?post=207573"},{"taxonomy":"product_cat","embeddable":true,"href":"https:\/\/grupotextil.es\/en\/wp-json\/wp\/v2\/product_cat?post=207573"},{"taxonomy":"product_tag","embeddable":true,"href":"https:\/\/grupotextil.es\/en\/wp-json\/wp\/v2\/product_tag?post=207573"}],"curies":[{"name":"wp","href":"https:\/\/api.w.org\/{rel}","templated":true}]}}