{"id":207604,"date":"2026-03-04T01:11:00","date_gmt":"2026-03-04T00:11:00","guid":{"rendered":"https:\/\/grupotextil.es\/producto\/lapiz-de-grafito-con-escritura-infinita-stamina-turin-7976\/"},"modified":"2026-03-04T06:14:29","modified_gmt":"2026-03-04T05:14:29","slug":"lapiz-de-grafito-con-escritura-infinita-stamina-turin-7976","status":"publish","type":"product","link":"https:\/\/grupotextil.es\/en\/product\/lapiz-de-grafito-con-escritura-infinita-stamina-turin-7976\/","title":{"rendered":"L\u00e1piz de Grafito con Escritura Infinita Stamina Turin 7976"},"content":{"rendered":"<p>L\u00e1piz con cuerpo de aluminio con elegante dise\u00f1o. Punta de grafito de escritura infinita reemplazable. Con capucha transparente.<\/p>","protected":false},"excerpt":{"rendered":"<p>L\u00e1piz con cuerpo de aluminio con elegante dise\u00f1o. Punta de grafito de escritura infinita reemplazable. Con capucha transparente.<\/p>","protected":false},"featured_media":207605,"comment_status":"open","ping_status":"closed","template":"","meta":{"_acf_changed":false},"product_brand":[14012],"product_cat":[14006,13972],"product_tag":[],"class_list":{"0":"post-207604","1":"product","2":"type-product","3":"status-publish","4":"has-post-thumbnail","6":"product_brand-stamina","7":"product_cat-acc-merchandising","8":"product_cat-oficina-y-escritura","9":"tm-no-options","11":"first","12":"instock","13":"taxable","14":"shipping-taxable","15":"product-type-variable"},"acf":[],"_links":{"self":[{"href":"https:\/\/grupotextil.es\/en\/wp-json\/wp\/v2\/product\/207604","targetHints":{"allow":["GET"]}}],"collection":[{"href":"https:\/\/grupotextil.es\/en\/wp-json\/wp\/v2\/product"}],"about":[{"href":"https:\/\/grupotextil.es\/en\/wp-json\/wp\/v2\/types\/product"}],"replies":[{"embeddable":true,"href":"https:\/\/grupotextil.es\/en\/wp-json\/wp\/v2\/comments?post=207604"}],"wp:featuredmedia":[{"embeddable":true,"href":"https:\/\/grupotextil.es\/en\/wp-json\/wp\/v2\/media\/207605"}],"wp:attachment":[{"href":"https:\/\/grupotextil.es\/en\/wp-json\/wp\/v2\/media?parent=207604"}],"wp:term":[{"taxonomy":"product_brand","embeddable":true,"href":"https:\/\/grupotextil.es\/en\/wp-json\/wp\/v2\/product_brand?post=207604"},{"taxonomy":"product_cat","embeddable":true,"href":"https:\/\/grupotextil.es\/en\/wp-json\/wp\/v2\/product_cat?post=207604"},{"taxonomy":"product_tag","embeddable":true,"href":"https:\/\/grupotextil.es\/en\/wp-json\/wp\/v2\/product_tag?post=207604"}],"curies":[{"name":"wp","href":"https:\/\/api.w.org\/{rel}","templated":true}]}}