{"id":207620,"date":"2026-03-04T01:11:23","date_gmt":"2026-03-04T00:11:23","guid":{"rendered":"https:\/\/grupotextil.es\/producto\/vaso-con-tapa-y-pajita-stamina-dalby-4202\/"},"modified":"2026-03-04T06:14:29","modified_gmt":"2026-03-04T05:14:29","slug":"vaso-con-tapa-y-pajita-stamina-dalby-4202","status":"publish","type":"product","link":"https:\/\/grupotextil.es\/en\/product\/vaso-con-tapa-y-pajita-stamina-dalby-4202\/","title":{"rendered":"Vaso con Tapa y Pajita Stamina Dalby 4202"},"content":{"rendered":"<p><strong>ESTE PRODUCTO SE DESCATALOGAR\u00c1 EN 2025<\/strong> \u2013 Vaso de cristal borosilicato efecto hielo degradado a color. Tapa y pajita de bamb\u00fa. Capacidad 350 ml. Id\u00f3neo vaso con dise\u00f1o de color degradado perfectos para tu negocio.<\/p>","protected":false},"excerpt":{"rendered":"<p><strong>ESTE PRODUCTO SE DESCATALOGAR\u00c1 EN 2025<\/strong> \u2013 Vaso de cristal borosilicato efecto hielo degradado a color. Tapa y pajita de bamb\u00fa. Capacidad 350 ml. Id\u00f3neo vaso con dise\u00f1o de color degradado perfectos para tu negocio.<\/p>","protected":false},"featured_media":207621,"comment_status":"open","ping_status":"closed","template":"","meta":{"_acf_changed":false},"product_brand":[14012],"product_cat":[13958,14006,13971],"product_tag":[],"class_list":{"0":"post-207620","1":"product","2":"type-product","3":"status-publish","4":"has-post-thumbnail","6":"product_brand-stamina","7":"product_cat-mr-botellas-y-termos","8":"product_cat-acc-merchandising","9":"product_cat-mr-tazas","10":"tm-no-options","12":"first","13":"instock","14":"taxable","15":"shipping-taxable","16":"product-type-variable"},"acf":[],"_links":{"self":[{"href":"https:\/\/grupotextil.es\/en\/wp-json\/wp\/v2\/product\/207620","targetHints":{"allow":["GET"]}}],"collection":[{"href":"https:\/\/grupotextil.es\/en\/wp-json\/wp\/v2\/product"}],"about":[{"href":"https:\/\/grupotextil.es\/en\/wp-json\/wp\/v2\/types\/product"}],"replies":[{"embeddable":true,"href":"https:\/\/grupotextil.es\/en\/wp-json\/wp\/v2\/comments?post=207620"}],"wp:featuredmedia":[{"embeddable":true,"href":"https:\/\/grupotextil.es\/en\/wp-json\/wp\/v2\/media\/207621"}],"wp:attachment":[{"href":"https:\/\/grupotextil.es\/en\/wp-json\/wp\/v2\/media?parent=207620"}],"wp:term":[{"taxonomy":"product_brand","embeddable":true,"href":"https:\/\/grupotextil.es\/en\/wp-json\/wp\/v2\/product_brand?post=207620"},{"taxonomy":"product_cat","embeddable":true,"href":"https:\/\/grupotextil.es\/en\/wp-json\/wp\/v2\/product_cat?post=207620"},{"taxonomy":"product_tag","embeddable":true,"href":"https:\/\/grupotextil.es\/en\/wp-json\/wp\/v2\/product_tag?post=207620"}],"curies":[{"name":"wp","href":"https:\/\/api.w.org\/{rel}","templated":true}]}}