{"id":207659,"date":"2026-03-04T01:11:56","date_gmt":"2026-03-04T00:11:56","guid":{"rendered":"https:\/\/grupotextil.es\/producto\/vela-aromatica-stamina-vanila-1315\/"},"modified":"2026-03-04T06:14:30","modified_gmt":"2026-03-04T05:14:30","slug":"vela-aromatica-stamina-vanila-1315","status":"publish","type":"product","link":"https:\/\/grupotextil.es\/en\/product\/vela-aromatica-stamina-vanila-1315\/","title":{"rendered":"Vela Arom\u00e1tica Stamina Vanila 1315"},"content":{"rendered":"<p>Vela arom\u00e1tica en vaso de cristal transl\u00facido con tapa de bamb\u00fa, que ayuda a mantener el aroma de la vela cuando no est\u00e1 en uso. Aroma vainilla.<\/p>","protected":false},"excerpt":{"rendered":"<p>Vela arom\u00e1tica en vaso de cristal transl\u00facido con tapa de bamb\u00fa, que ayuda a mantener el aroma de la vela cuando no est\u00e1 en uso. Aroma vainilla.<\/p>","protected":false},"featured_media":207660,"comment_status":"open","ping_status":"closed","template":"","meta":{"_acf_changed":false},"product_brand":[14012],"product_cat":[13973],"product_tag":[],"class_list":{"0":"post-207659","1":"product","2":"type-product","3":"status-publish","4":"has-post-thumbnail","6":"product_brand-stamina","7":"product_cat-ropa","8":"tm-no-options","10":"first","11":"instock","12":"taxable","13":"shipping-taxable","14":"product-type-variable"},"acf":[],"_links":{"self":[{"href":"https:\/\/grupotextil.es\/en\/wp-json\/wp\/v2\/product\/207659","targetHints":{"allow":["GET"]}}],"collection":[{"href":"https:\/\/grupotextil.es\/en\/wp-json\/wp\/v2\/product"}],"about":[{"href":"https:\/\/grupotextil.es\/en\/wp-json\/wp\/v2\/types\/product"}],"replies":[{"embeddable":true,"href":"https:\/\/grupotextil.es\/en\/wp-json\/wp\/v2\/comments?post=207659"}],"wp:featuredmedia":[{"embeddable":true,"href":"https:\/\/grupotextil.es\/en\/wp-json\/wp\/v2\/media\/207660"}],"wp:attachment":[{"href":"https:\/\/grupotextil.es\/en\/wp-json\/wp\/v2\/media?parent=207659"}],"wp:term":[{"taxonomy":"product_brand","embeddable":true,"href":"https:\/\/grupotextil.es\/en\/wp-json\/wp\/v2\/product_brand?post=207659"},{"taxonomy":"product_cat","embeddable":true,"href":"https:\/\/grupotextil.es\/en\/wp-json\/wp\/v2\/product_cat?post=207659"},{"taxonomy":"product_tag","embeddable":true,"href":"https:\/\/grupotextil.es\/en\/wp-json\/wp\/v2\/product_tag?post=207659"}],"curies":[{"name":"wp","href":"https:\/\/api.w.org\/{rel}","templated":true}]}}