{"id":207713,"date":"2026-03-04T01:12:46","date_gmt":"2026-03-04T00:12:46","guid":{"rendered":"https:\/\/grupotextil.es\/producto\/outlet-top-roly-basel-6666-mujer\/"},"modified":"2026-03-04T06:14:30","modified_gmt":"2026-03-04T05:14:30","slug":"outlet-top-roly-basel-6666-mujer","status":"publish","type":"product","link":"https:\/\/grupotextil.es\/en\/product\/outlet-top-roly-basel-6666-mujer\/","title":{"rendered":"*OUTLET* Top Roly Basel 6666 Mujer"},"content":{"rendered":"<p><strong>PRODUCTO QUE SE DESCATALOGAR\u00c1 CUANDO SE AGOTEN LAS EXISTENCIAS \u2013<\/strong> Top deportivo para mujer de alta sujeci\u00f3n. Tirantes entrelazados en espalda. Banda el\u00e1stica de refuerzo en pieza bajo pecho. Doble tejido y forro. Copas de foam extra\u00edbles. Logo Roly reflectante en la espalda.<\/p>","protected":false},"excerpt":{"rendered":"<p><strong>PRODUCTO QUE SE DESCATALOGAR\u00c1 CUANDO SE AGOTEN LAS EXISTENCIAS \u2013<\/strong> Top deportivo para mujer de alta sujeci\u00f3n. Tirantes entrelazados en espalda. Banda el\u00e1stica de refuerzo en pieza bajo pecho. Doble tejido y forro. Copas de foam extra\u00edbles. Logo Roly reflectante en la espalda.<\/p>","protected":false},"featured_media":207714,"comment_status":"open","ping_status":"closed","template":"","meta":{"_acf_changed":false},"product_brand":[14011],"product_cat":[13975,13973],"product_tag":[],"class_list":{"0":"post-207713","1":"product","2":"type-product","3":"status-publish","4":"has-post-thumbnail","6":"product_brand-roly","7":"product_cat-ropa-mujer","8":"product_cat-ropa","9":"tm-no-options","11":"first","12":"instock","13":"taxable","14":"shipping-taxable","15":"product-type-variable"},"acf":[],"_links":{"self":[{"href":"https:\/\/grupotextil.es\/en\/wp-json\/wp\/v2\/product\/207713","targetHints":{"allow":["GET"]}}],"collection":[{"href":"https:\/\/grupotextil.es\/en\/wp-json\/wp\/v2\/product"}],"about":[{"href":"https:\/\/grupotextil.es\/en\/wp-json\/wp\/v2\/types\/product"}],"replies":[{"embeddable":true,"href":"https:\/\/grupotextil.es\/en\/wp-json\/wp\/v2\/comments?post=207713"}],"wp:featuredmedia":[{"embeddable":true,"href":"https:\/\/grupotextil.es\/en\/wp-json\/wp\/v2\/media\/207714"}],"wp:attachment":[{"href":"https:\/\/grupotextil.es\/en\/wp-json\/wp\/v2\/media?parent=207713"}],"wp:term":[{"taxonomy":"product_brand","embeddable":true,"href":"https:\/\/grupotextil.es\/en\/wp-json\/wp\/v2\/product_brand?post=207713"},{"taxonomy":"product_cat","embeddable":true,"href":"https:\/\/grupotextil.es\/en\/wp-json\/wp\/v2\/product_cat?post=207713"},{"taxonomy":"product_tag","embeddable":true,"href":"https:\/\/grupotextil.es\/en\/wp-json\/wp\/v2\/product_tag?post=207713"}],"curies":[{"name":"wp","href":"https:\/\/api.w.org\/{rel}","templated":true}]}}