{"id":207743,"date":"2026-03-04T01:13:11","date_gmt":"2026-03-04T00:13:11","guid":{"rendered":"https:\/\/grupotextil.es\/producto\/bolsa-stamina-barnet-7166\/"},"modified":"2026-03-04T06:14:30","modified_gmt":"2026-03-04T05:14:30","slug":"bolsa-stamina-barnet-7166","status":"publish","type":"product","link":"https:\/\/grupotextil.es\/en\/product\/bolsa-stamina-barnet-7166\/","title":{"rendered":"Bolsa Stamina Barnet 7166"},"content":{"rendered":"<p>Bolsa de gran tama\u00f1o, pr\u00e1ctica y c\u00f3moda para realizar la compra. Elaborada en non-woven. Asas reforzadas de 58 cm y acabado cosido.<\/p>","protected":false},"excerpt":{"rendered":"<p>Bolsa de gran tama\u00f1o, pr\u00e1ctica y c\u00f3moda para realizar la compra. Elaborada en non-woven. Asas reforzadas de 58 cm y acabado cosido.<\/p>","protected":false},"featured_media":207744,"comment_status":"open","ping_status":"closed","template":"","meta":{"_acf_changed":false},"product_brand":[14012],"product_cat":[13954],"product_tag":[],"class_list":{"0":"post-207743","1":"product","2":"type-product","3":"status-publish","4":"has-post-thumbnail","6":"product_brand-stamina","7":"product_cat-acc-bolsas-y-mochilas","8":"tm-no-options","10":"first","11":"instock","12":"taxable","13":"shipping-taxable","14":"product-type-variable"},"acf":[],"_links":{"self":[{"href":"https:\/\/grupotextil.es\/en\/wp-json\/wp\/v2\/product\/207743","targetHints":{"allow":["GET"]}}],"collection":[{"href":"https:\/\/grupotextil.es\/en\/wp-json\/wp\/v2\/product"}],"about":[{"href":"https:\/\/grupotextil.es\/en\/wp-json\/wp\/v2\/types\/product"}],"replies":[{"embeddable":true,"href":"https:\/\/grupotextil.es\/en\/wp-json\/wp\/v2\/comments?post=207743"}],"wp:featuredmedia":[{"embeddable":true,"href":"https:\/\/grupotextil.es\/en\/wp-json\/wp\/v2\/media\/207744"}],"wp:attachment":[{"href":"https:\/\/grupotextil.es\/en\/wp-json\/wp\/v2\/media?parent=207743"}],"wp:term":[{"taxonomy":"product_brand","embeddable":true,"href":"https:\/\/grupotextil.es\/en\/wp-json\/wp\/v2\/product_brand?post=207743"},{"taxonomy":"product_cat","embeddable":true,"href":"https:\/\/grupotextil.es\/en\/wp-json\/wp\/v2\/product_cat?post=207743"},{"taxonomy":"product_tag","embeddable":true,"href":"https:\/\/grupotextil.es\/en\/wp-json\/wp\/v2\/product_tag?post=207743"}],"curies":[{"name":"wp","href":"https:\/\/api.w.org\/{rel}","templated":true}]}}