{"id":207773,"date":"2026-03-04T01:13:47","date_gmt":"2026-03-04T00:13:47","guid":{"rendered":"https:\/\/grupotextil.es\/producto\/pantalon-ignifugo-roly-ranger-9400-hombre\/"},"modified":"2026-03-04T06:14:30","modified_gmt":"2026-03-04T05:14:30","slug":"pantalon-ignifugo-roly-ranger-9400-hombre","status":"publish","type":"product","link":"https:\/\/grupotextil.es\/en\/product\/pantalon-ignifugo-roly-ranger-9400-hombre\/","title":{"rendered":"Pantal\u00f3n Ign\u00edfugo Roly Ranger 9400 Hombre"},"content":{"rendered":"<p>Pantal\u00f3n largo en tejido ign\u00edfugo.<\/p>\n<ul>\n<li>Cintura ajustable el\u00e1stica en parte trasera.<\/li>\n<li>Dos bolsillos frontales.<\/li>\n<li>Bolsillo trasero con tapeta y cierre velcro.<\/li>\n<\/ul>","protected":false},"excerpt":{"rendered":"<p>Pantal\u00f3n largo en tejido ign\u00edfugo.<\/p>\n<ul>\n<li>Cintura ajustable el\u00e1stica en parte trasera.<\/li>\n<li>Dos bolsillos frontales.<\/li>\n<li>Bolsillo trasero con tapeta y cierre velcro.<\/li>\n<\/ul>","protected":false},"featured_media":207774,"comment_status":"open","ping_status":"closed","template":"","meta":{"_acf_changed":false},"product_brand":[14011],"product_cat":[13967,13930],"product_tag":[],"class_list":{"0":"post-207773","1":"product","2":"type-product","3":"status-publish","4":"has-post-thumbnail","6":"product_brand-roly","7":"product_cat-rl-industria-y-servicios","8":"product_cat-laboral","9":"tm-no-options","11":"first","12":"instock","13":"taxable","14":"shipping-taxable","15":"product-type-variable"},"acf":[],"_links":{"self":[{"href":"https:\/\/grupotextil.es\/en\/wp-json\/wp\/v2\/product\/207773","targetHints":{"allow":["GET"]}}],"collection":[{"href":"https:\/\/grupotextil.es\/en\/wp-json\/wp\/v2\/product"}],"about":[{"href":"https:\/\/grupotextil.es\/en\/wp-json\/wp\/v2\/types\/product"}],"replies":[{"embeddable":true,"href":"https:\/\/grupotextil.es\/en\/wp-json\/wp\/v2\/comments?post=207773"}],"wp:featuredmedia":[{"embeddable":true,"href":"https:\/\/grupotextil.es\/en\/wp-json\/wp\/v2\/media\/207774"}],"wp:attachment":[{"href":"https:\/\/grupotextil.es\/en\/wp-json\/wp\/v2\/media?parent=207773"}],"wp:term":[{"taxonomy":"product_brand","embeddable":true,"href":"https:\/\/grupotextil.es\/en\/wp-json\/wp\/v2\/product_brand?post=207773"},{"taxonomy":"product_cat","embeddable":true,"href":"https:\/\/grupotextil.es\/en\/wp-json\/wp\/v2\/product_cat?post=207773"},{"taxonomy":"product_tag","embeddable":true,"href":"https:\/\/grupotextil.es\/en\/wp-json\/wp\/v2\/product_tag?post=207773"}],"curies":[{"name":"wp","href":"https:\/\/api.w.org\/{rel}","templated":true}]}}