{"id":207887,"date":"2026-03-04T01:15:26","date_gmt":"2026-03-04T00:15:26","guid":{"rendered":"https:\/\/grupotextil.es\/producto\/taza-stamina-kiwan-4083\/"},"modified":"2026-03-04T06:14:31","modified_gmt":"2026-03-04T05:14:31","slug":"taza-stamina-kiwan-4083","status":"publish","type":"product","link":"https:\/\/grupotextil.es\/en\/product\/taza-stamina-kiwan-4083\/","title":{"rendered":"Taza Stamina Kiwan 4083"},"content":{"rendered":"<p>Taza met\u00e1lica de doble pared con exterior a color. Capacidad 290 ml. Podr\u00e1s dise\u00f1ar tu taza con el color que prefieras, ya que est\u00e1 disponible en 5 colores diferentes.<\/p>","protected":false},"excerpt":{"rendered":"<p>Taza met\u00e1lica de doble pared con exterior a color. Capacidad 290 ml. Podr\u00e1s dise\u00f1ar tu taza con el color que prefieras, ya que est\u00e1 disponible en 5 colores diferentes.<\/p>","protected":false},"featured_media":207888,"comment_status":"open","ping_status":"closed","template":"","meta":{"_acf_changed":false},"product_brand":[14012],"product_cat":[14006,13971],"product_tag":[],"class_list":{"0":"post-207887","1":"product","2":"type-product","3":"status-publish","4":"has-post-thumbnail","6":"product_brand-stamina","7":"product_cat-acc-merchandising","8":"product_cat-mr-tazas","9":"tm-no-options","11":"first","12":"instock","13":"taxable","14":"shipping-taxable","15":"product-type-variable"},"acf":[],"_links":{"self":[{"href":"https:\/\/grupotextil.es\/en\/wp-json\/wp\/v2\/product\/207887","targetHints":{"allow":["GET"]}}],"collection":[{"href":"https:\/\/grupotextil.es\/en\/wp-json\/wp\/v2\/product"}],"about":[{"href":"https:\/\/grupotextil.es\/en\/wp-json\/wp\/v2\/types\/product"}],"replies":[{"embeddable":true,"href":"https:\/\/grupotextil.es\/en\/wp-json\/wp\/v2\/comments?post=207887"}],"wp:featuredmedia":[{"embeddable":true,"href":"https:\/\/grupotextil.es\/en\/wp-json\/wp\/v2\/media\/207888"}],"wp:attachment":[{"href":"https:\/\/grupotextil.es\/en\/wp-json\/wp\/v2\/media?parent=207887"}],"wp:term":[{"taxonomy":"product_brand","embeddable":true,"href":"https:\/\/grupotextil.es\/en\/wp-json\/wp\/v2\/product_brand?post=207887"},{"taxonomy":"product_cat","embeddable":true,"href":"https:\/\/grupotextil.es\/en\/wp-json\/wp\/v2\/product_cat?post=207887"},{"taxonomy":"product_tag","embeddable":true,"href":"https:\/\/grupotextil.es\/en\/wp-json\/wp\/v2\/product_tag?post=207887"}],"curies":[{"name":"wp","href":"https:\/\/api.w.org\/{rel}","templated":true}]}}