{"id":208023,"date":"2026-03-04T01:16:31","date_gmt":"2026-03-04T00:16:31","guid":{"rendered":"https:\/\/grupotextil.es\/producto\/taza-de-ceramica-sublimacion-stamina-rambu-4003\/"},"modified":"2026-03-04T06:14:32","modified_gmt":"2026-03-04T05:14:32","slug":"taza-de-ceramica-sublimacion-stamina-rambu-4003","status":"publish","type":"product","link":"https:\/\/grupotextil.es\/en\/product\/taza-de-ceramica-sublimacion-stamina-rambu-4003\/","title":{"rendered":"Taza de Cer\u00e1mica Sublimaci\u00f3n Stamina Rambu 4003"},"content":{"rendered":"<p>Taza especial para sublimaci\u00f3n de cer\u00e1mica, de 350ml con dise\u00f1o en acabado mate. Realiza una taza diferente al resto.<\/p>","protected":false},"excerpt":{"rendered":"<p>Taza especial para sublimaci\u00f3n de cer\u00e1mica, de 350ml con dise\u00f1o en acabado mate. Realiza una taza diferente al resto.<\/p>","protected":false},"featured_media":208024,"comment_status":"open","ping_status":"closed","template":"","meta":{"_acf_changed":false},"product_brand":[14012],"product_cat":[14006,13971],"product_tag":[],"class_list":{"0":"post-208023","1":"product","2":"type-product","3":"status-publish","4":"has-post-thumbnail","6":"product_brand-stamina","7":"product_cat-acc-merchandising","8":"product_cat-mr-tazas","9":"tm-no-options","11":"first","12":"instock","13":"taxable","14":"shipping-taxable","15":"product-type-variable"},"acf":[],"_links":{"self":[{"href":"https:\/\/grupotextil.es\/en\/wp-json\/wp\/v2\/product\/208023","targetHints":{"allow":["GET"]}}],"collection":[{"href":"https:\/\/grupotextil.es\/en\/wp-json\/wp\/v2\/product"}],"about":[{"href":"https:\/\/grupotextil.es\/en\/wp-json\/wp\/v2\/types\/product"}],"replies":[{"embeddable":true,"href":"https:\/\/grupotextil.es\/en\/wp-json\/wp\/v2\/comments?post=208023"}],"wp:featuredmedia":[{"embeddable":true,"href":"https:\/\/grupotextil.es\/en\/wp-json\/wp\/v2\/media\/208024"}],"wp:attachment":[{"href":"https:\/\/grupotextil.es\/en\/wp-json\/wp\/v2\/media?parent=208023"}],"wp:term":[{"taxonomy":"product_brand","embeddable":true,"href":"https:\/\/grupotextil.es\/en\/wp-json\/wp\/v2\/product_brand?post=208023"},{"taxonomy":"product_cat","embeddable":true,"href":"https:\/\/grupotextil.es\/en\/wp-json\/wp\/v2\/product_cat?post=208023"},{"taxonomy":"product_tag","embeddable":true,"href":"https:\/\/grupotextil.es\/en\/wp-json\/wp\/v2\/product_tag?post=208023"}],"curies":[{"name":"wp","href":"https:\/\/api.w.org\/{rel}","templated":true}]}}