{"id":208081,"date":"2026-03-04T01:17:24","date_gmt":"2026-03-04T00:17:24","guid":{"rendered":"https:\/\/grupotextil.es\/producto\/libreta-con-espiral-y-tapa-rigida-stamina-alani-8073\/"},"modified":"2026-03-04T06:14:32","modified_gmt":"2026-03-04T05:14:32","slug":"libreta-con-espiral-y-tapa-rigida-stamina-alani-8073","status":"publish","type":"product","link":"https:\/\/grupotextil.es\/en\/product\/libreta-con-espiral-y-tapa-rigida-stamina-alani-8073\/","title":{"rendered":"Libreta con Espiral y Tapa R\u00edgida Stamina Alani 8073"},"content":{"rendered":"<p>Libreta con espiral y tapa r\u00edgida de cart\u00f3n reciclado. Incluye bol\u00edgrafo a juego con tinta azul. 60 hojas lisas.<\/p>","protected":false},"excerpt":{"rendered":"<p>Libreta con espiral y tapa r\u00edgida de cart\u00f3n reciclado. Incluye bol\u00edgrafo a juego con tinta azul. 60 hojas lisas.<\/p>","protected":false},"featured_media":208082,"comment_status":"open","ping_status":"closed","template":"","meta":{"_acf_changed":false},"product_brand":[14012],"product_cat":[14006,13972],"product_tag":[],"class_list":{"0":"post-208081","1":"product","2":"type-product","3":"status-publish","4":"has-post-thumbnail","6":"product_brand-stamina","7":"product_cat-acc-merchandising","8":"product_cat-oficina-y-escritura","9":"tm-no-options","11":"first","12":"instock","13":"taxable","14":"shipping-taxable","15":"product-type-variable"},"acf":[],"_links":{"self":[{"href":"https:\/\/grupotextil.es\/en\/wp-json\/wp\/v2\/product\/208081","targetHints":{"allow":["GET"]}}],"collection":[{"href":"https:\/\/grupotextil.es\/en\/wp-json\/wp\/v2\/product"}],"about":[{"href":"https:\/\/grupotextil.es\/en\/wp-json\/wp\/v2\/types\/product"}],"replies":[{"embeddable":true,"href":"https:\/\/grupotextil.es\/en\/wp-json\/wp\/v2\/comments?post=208081"}],"wp:featuredmedia":[{"embeddable":true,"href":"https:\/\/grupotextil.es\/en\/wp-json\/wp\/v2\/media\/208082"}],"wp:attachment":[{"href":"https:\/\/grupotextil.es\/en\/wp-json\/wp\/v2\/media?parent=208081"}],"wp:term":[{"taxonomy":"product_brand","embeddable":true,"href":"https:\/\/grupotextil.es\/en\/wp-json\/wp\/v2\/product_brand?post=208081"},{"taxonomy":"product_cat","embeddable":true,"href":"https:\/\/grupotextil.es\/en\/wp-json\/wp\/v2\/product_cat?post=208081"},{"taxonomy":"product_tag","embeddable":true,"href":"https:\/\/grupotextil.es\/en\/wp-json\/wp\/v2\/product_tag?post=208081"}],"curies":[{"name":"wp","href":"https:\/\/api.w.org\/{rel}","templated":true}]}}