{"id":208177,"date":"2026-03-04T01:18:19","date_gmt":"2026-03-04T00:18:19","guid":{"rendered":"https:\/\/grupotextil.es\/producto\/balon-stamina-saona-2150\/"},"modified":"2026-03-04T06:14:33","modified_gmt":"2026-03-04T05:14:33","slug":"balon-stamina-saona-2150","status":"publish","type":"product","link":"https:\/\/grupotextil.es\/en\/product\/balon-stamina-saona-2150\/","title":{"rendered":"Bal\u00f3n Stamina Saona 2150"},"content":{"rendered":"<p>al\u00f3n inflable de PVC con v\u00e1lvula de inflado. Disponible en estampado bicolor o color uniforme. Desinflado: 37cm. Inflado: 28cm<\/p>","protected":false},"excerpt":{"rendered":"<p>al\u00f3n inflable de PVC con v\u00e1lvula de inflado. Disponible en estampado bicolor o color uniforme. Desinflado: 37cm. Inflado: 28cm<\/p>","protected":false},"featured_media":208178,"comment_status":"open","ping_status":"closed","template":"","meta":{"_acf_changed":false},"product_brand":[14012],"product_cat":[13961,14006],"product_tag":[],"class_list":{"0":"post-208177","1":"product","2":"type-product","3":"status-publish","4":"has-post-thumbnail","6":"product_brand-stamina","7":"product_cat-mr-articulos-de-playa","8":"product_cat-acc-merchandising","9":"tm-no-options","11":"first","12":"instock","13":"taxable","14":"shipping-taxable","15":"product-type-variable"},"acf":[],"_links":{"self":[{"href":"https:\/\/grupotextil.es\/en\/wp-json\/wp\/v2\/product\/208177","targetHints":{"allow":["GET"]}}],"collection":[{"href":"https:\/\/grupotextil.es\/en\/wp-json\/wp\/v2\/product"}],"about":[{"href":"https:\/\/grupotextil.es\/en\/wp-json\/wp\/v2\/types\/product"}],"replies":[{"embeddable":true,"href":"https:\/\/grupotextil.es\/en\/wp-json\/wp\/v2\/comments?post=208177"}],"wp:featuredmedia":[{"embeddable":true,"href":"https:\/\/grupotextil.es\/en\/wp-json\/wp\/v2\/media\/208178"}],"wp:attachment":[{"href":"https:\/\/grupotextil.es\/en\/wp-json\/wp\/v2\/media?parent=208177"}],"wp:term":[{"taxonomy":"product_brand","embeddable":true,"href":"https:\/\/grupotextil.es\/en\/wp-json\/wp\/v2\/product_brand?post=208177"},{"taxonomy":"product_cat","embeddable":true,"href":"https:\/\/grupotextil.es\/en\/wp-json\/wp\/v2\/product_cat?post=208177"},{"taxonomy":"product_tag","embeddable":true,"href":"https:\/\/grupotextil.es\/en\/wp-json\/wp\/v2\/product_tag?post=208177"}],"curies":[{"name":"wp","href":"https:\/\/api.w.org\/{rel}","templated":true}]}}