{"id":208269,"date":"2026-03-04T01:19:41","date_gmt":"2026-03-04T00:19:41","guid":{"rendered":"https:\/\/grupotextil.es\/producto\/bloc-de-notas-a5-de-tapa-rigida-stamina-alba-8050\/"},"modified":"2026-03-04T06:14:33","modified_gmt":"2026-03-04T05:14:33","slug":"bloc-de-notas-a5-de-tapa-rigida-stamina-alba-8050","status":"publish","type":"product","link":"https:\/\/grupotextil.es\/en\/product\/bloc-de-notas-a5-de-tapa-rigida-stamina-alba-8050\/","title":{"rendered":"Bloc de notas A5 de Tapa R\u00edgida Stamina Alba 8050"},"content":{"rendered":"<p>Bloc de notas A5 con tapa r\u00edgida de polipiel. Marcap\u00e1ginas y banda el\u00e1stica. 100 hojas lisas.<\/p>","protected":false},"excerpt":{"rendered":"<p>Bloc de notas A5 con tapa r\u00edgida de polipiel. Marcap\u00e1ginas y banda el\u00e1stica. 100 hojas lisas.<\/p>","protected":false},"featured_media":208270,"comment_status":"open","ping_status":"closed","template":"","meta":{"_acf_changed":false},"product_brand":[14012],"product_cat":[14006,13972],"product_tag":[],"class_list":{"0":"post-208269","1":"product","2":"type-product","3":"status-publish","4":"has-post-thumbnail","6":"product_brand-stamina","7":"product_cat-acc-merchandising","8":"product_cat-oficina-y-escritura","9":"tm-no-options","11":"first","12":"instock","13":"taxable","14":"shipping-taxable","15":"product-type-variable"},"acf":[],"_links":{"self":[{"href":"https:\/\/grupotextil.es\/en\/wp-json\/wp\/v2\/product\/208269","targetHints":{"allow":["GET"]}}],"collection":[{"href":"https:\/\/grupotextil.es\/en\/wp-json\/wp\/v2\/product"}],"about":[{"href":"https:\/\/grupotextil.es\/en\/wp-json\/wp\/v2\/types\/product"}],"replies":[{"embeddable":true,"href":"https:\/\/grupotextil.es\/en\/wp-json\/wp\/v2\/comments?post=208269"}],"wp:featuredmedia":[{"embeddable":true,"href":"https:\/\/grupotextil.es\/en\/wp-json\/wp\/v2\/media\/208270"}],"wp:attachment":[{"href":"https:\/\/grupotextil.es\/en\/wp-json\/wp\/v2\/media?parent=208269"}],"wp:term":[{"taxonomy":"product_brand","embeddable":true,"href":"https:\/\/grupotextil.es\/en\/wp-json\/wp\/v2\/product_brand?post=208269"},{"taxonomy":"product_cat","embeddable":true,"href":"https:\/\/grupotextil.es\/en\/wp-json\/wp\/v2\/product_cat?post=208269"},{"taxonomy":"product_tag","embeddable":true,"href":"https:\/\/grupotextil.es\/en\/wp-json\/wp\/v2\/product_tag?post=208269"}],"curies":[{"name":"wp","href":"https:\/\/api.w.org\/{rel}","templated":true}]}}