{"id":208478,"date":"2026-03-04T01:21:39","date_gmt":"2026-03-04T00:21:39","guid":{"rendered":"https:\/\/grupotextil.es\/producto\/camiseta-roly-akita-6534-hombre\/"},"modified":"2026-03-10T01:58:25","modified_gmt":"2026-03-10T00:58:25","slug":"camiseta-roly-akita-6534-hombre","status":"publish","type":"product","link":"https:\/\/grupotextil.es\/en\/product\/camiseta-roly-akita-6534-hombre\/","title":{"rendered":"Camiseta Roly Akita 6534 Hombre"},"content":{"rendered":"<p>Camiseta de manga corta en colores fl\u00faor. Cuello redondo y cubrecosturas de refuerzo en el interior. Fabricado en tejido poli\u00e9ster con tacto algod\u00f3n.<\/p>","protected":false},"excerpt":{"rendered":"<p>Camiseta de manga corta en colores fl\u00faor. Cuello redondo y cubrecosturas de refuerzo en el interior. Fabricado en tejido poli\u00e9ster con tacto algod\u00f3n.<\/p>","protected":false},"featured_media":208479,"comment_status":"open","ping_status":"closed","template":"","meta":{"_acf_changed":false},"product_brand":[14011],"product_cat":[13931,13977,13974,13930,13973],"product_tag":[],"class_list":{"0":"post-208478","1":"product","2":"type-product","3":"status-publish","4":"has-post-thumbnail","6":"product_brand-roly","7":"product_cat-rl-alta-visibilidad","8":"product_cat-h-camisetas-manga-corta","9":"product_cat-ropa-hombre","10":"product_cat-laboral","11":"product_cat-ropa","12":"tm-no-options","14":"first","15":"instock","16":"taxable","17":"shipping-taxable","18":"product-type-variable"},"acf":[],"_links":{"self":[{"href":"https:\/\/grupotextil.es\/en\/wp-json\/wp\/v2\/product\/208478","targetHints":{"allow":["GET"]}}],"collection":[{"href":"https:\/\/grupotextil.es\/en\/wp-json\/wp\/v2\/product"}],"about":[{"href":"https:\/\/grupotextil.es\/en\/wp-json\/wp\/v2\/types\/product"}],"replies":[{"embeddable":true,"href":"https:\/\/grupotextil.es\/en\/wp-json\/wp\/v2\/comments?post=208478"}],"wp:featuredmedia":[{"embeddable":true,"href":"https:\/\/grupotextil.es\/en\/wp-json\/wp\/v2\/media\/208479"}],"wp:attachment":[{"href":"https:\/\/grupotextil.es\/en\/wp-json\/wp\/v2\/media?parent=208478"}],"wp:term":[{"taxonomy":"product_brand","embeddable":true,"href":"https:\/\/grupotextil.es\/en\/wp-json\/wp\/v2\/product_brand?post=208478"},{"taxonomy":"product_cat","embeddable":true,"href":"https:\/\/grupotextil.es\/en\/wp-json\/wp\/v2\/product_cat?post=208478"},{"taxonomy":"product_tag","embeddable":true,"href":"https:\/\/grupotextil.es\/en\/wp-json\/wp\/v2\/product_tag?post=208478"}],"curies":[{"name":"wp","href":"https:\/\/api.w.org\/{rel}","templated":true}]}}