{"id":208613,"date":"2026-03-04T01:24:01","date_gmt":"2026-03-04T00:24:01","guid":{"rendered":"https:\/\/grupotextil.es\/producto\/auriculares-stamina-sandes-2050\/"},"modified":"2026-03-04T06:14:36","modified_gmt":"2026-03-04T05:14:36","slug":"auriculares-stamina-sandes-2050","status":"publish","type":"product","link":"https:\/\/grupotextil.es\/en\/product\/auriculares-stamina-sandes-2050\/","title":{"rendered":"Auriculares Stamina Sandes 2050"},"content":{"rendered":"<p>Auriculares inal\u00e1mbricos elaborados en ABS con dise\u00f1o ergon\u00f3mico que se ajusta f\u00e1cilmente y resistencia al agua Se presentan en estuche de carga individual con pantalla t\u00e1ctil. Cuenta con bot\u00f3n multifunci\u00f3n en ambos auriculares, lo que permite acceder a las funciones como disparador de c\u00e1mara, encontrar auricular o funci\u00f3n linterna. Adem\u00e1s, cuenta con pantalla en 9 idiomas.<\/p>","protected":false},"excerpt":{"rendered":"<p>Auriculares inal\u00e1mbricos elaborados en ABS con dise\u00f1o ergon\u00f3mico que se ajusta f\u00e1cilmente y resistencia al agua Se presentan en estuche de carga individual con pantalla t\u00e1ctil. Cuenta con bot\u00f3n multifunci\u00f3n en ambos auriculares, lo que permite acceder a las funciones como disparador de c\u00e1mara, encontrar auricular o funci\u00f3n linterna. Adem\u00e1s, cuenta con pantalla en 9 idiomas.<\/p>","protected":false},"featured_media":208614,"comment_status":"open","ping_status":"closed","template":"","meta":{"_acf_changed":false},"product_brand":[14012],"product_cat":[14006,13959],"product_tag":[],"class_list":{"0":"post-208613","1":"product","2":"type-product","3":"status-publish","4":"has-post-thumbnail","6":"product_brand-stamina","7":"product_cat-acc-merchandising","8":"product_cat-mr-tecnologia","9":"tm-no-options","11":"first","12":"outofstock","13":"taxable","14":"shipping-taxable","15":"product-type-variable"},"acf":[],"_links":{"self":[{"href":"https:\/\/grupotextil.es\/en\/wp-json\/wp\/v2\/product\/208613","targetHints":{"allow":["GET"]}}],"collection":[{"href":"https:\/\/grupotextil.es\/en\/wp-json\/wp\/v2\/product"}],"about":[{"href":"https:\/\/grupotextil.es\/en\/wp-json\/wp\/v2\/types\/product"}],"replies":[{"embeddable":true,"href":"https:\/\/grupotextil.es\/en\/wp-json\/wp\/v2\/comments?post=208613"}],"wp:featuredmedia":[{"embeddable":true,"href":"https:\/\/grupotextil.es\/en\/wp-json\/wp\/v2\/media\/208614"}],"wp:attachment":[{"href":"https:\/\/grupotextil.es\/en\/wp-json\/wp\/v2\/media?parent=208613"}],"wp:term":[{"taxonomy":"product_brand","embeddable":true,"href":"https:\/\/grupotextil.es\/en\/wp-json\/wp\/v2\/product_brand?post=208613"},{"taxonomy":"product_cat","embeddable":true,"href":"https:\/\/grupotextil.es\/en\/wp-json\/wp\/v2\/product_cat?post=208613"},{"taxonomy":"product_tag","embeddable":true,"href":"https:\/\/grupotextil.es\/en\/wp-json\/wp\/v2\/product_tag?post=208613"}],"curies":[{"name":"wp","href":"https:\/\/api.w.org\/{rel}","templated":true}]}}