{"id":208663,"date":"2026-03-04T01:25:42","date_gmt":"2026-03-04T00:25:42","guid":{"rendered":"https:\/\/grupotextil.es\/producto\/tracker-stamina-finex-1984\/"},"modified":"2026-03-04T06:14:36","modified_gmt":"2026-03-04T05:14:36","slug":"tracker-stamina-finex-1984","status":"publish","type":"product","link":"https:\/\/grupotextil.es\/en\/product\/tracker-stamina-finex-1984\/","title":{"rendered":"Tracker Stamina Finex 1984"},"content":{"rendered":"<p>Dispositivo localizador anti p\u00e9rdida resistente al agua en formato tarjeta elaborado en ABS. Compatible con dispositivos iOS y Android mediante aplicaci\u00f3n m\u00f3vil a trav\u00e9s de conexi\u00f3n Bluetooth. Cuenta con funci\u00f3n de b\u00fasqueda con se\u00f1al ac\u00fastica. Este dispositivo es recargable mediante cargadores de carga inal\u00e1mbrica.<\/p>","protected":false},"excerpt":{"rendered":"<p>Dispositivo localizador anti p\u00e9rdida resistente al agua en formato tarjeta elaborado en ABS. Compatible con dispositivos iOS y Android mediante aplicaci\u00f3n m\u00f3vil a trav\u00e9s de conexi\u00f3n Bluetooth. Cuenta con funci\u00f3n de b\u00fasqueda con se\u00f1al ac\u00fastica. Este dispositivo es recargable mediante cargadores de carga inal\u00e1mbrica.<\/p>","protected":false},"featured_media":208664,"comment_status":"open","ping_status":"closed","template":"","meta":{"_acf_changed":false},"product_brand":[14012],"product_cat":[13948,14006,13959],"product_tag":[],"class_list":{"0":"post-208663","1":"product","2":"type-product","3":"status-publish","4":"has-post-thumbnail","6":"product_brand-stamina","7":"product_cat-accesorios","8":"product_cat-acc-merchandising","9":"product_cat-mr-tecnologia","10":"tm-no-options","12":"first","13":"outofstock","14":"taxable","15":"shipping-taxable","16":"product-type-variable"},"acf":[],"_links":{"self":[{"href":"https:\/\/grupotextil.es\/en\/wp-json\/wp\/v2\/product\/208663","targetHints":{"allow":["GET"]}}],"collection":[{"href":"https:\/\/grupotextil.es\/en\/wp-json\/wp\/v2\/product"}],"about":[{"href":"https:\/\/grupotextil.es\/en\/wp-json\/wp\/v2\/types\/product"}],"replies":[{"embeddable":true,"href":"https:\/\/grupotextil.es\/en\/wp-json\/wp\/v2\/comments?post=208663"}],"wp:featuredmedia":[{"embeddable":true,"href":"https:\/\/grupotextil.es\/en\/wp-json\/wp\/v2\/media\/208664"}],"wp:attachment":[{"href":"https:\/\/grupotextil.es\/en\/wp-json\/wp\/v2\/media?parent=208663"}],"wp:term":[{"taxonomy":"product_brand","embeddable":true,"href":"https:\/\/grupotextil.es\/en\/wp-json\/wp\/v2\/product_brand?post=208663"},{"taxonomy":"product_cat","embeddable":true,"href":"https:\/\/grupotextil.es\/en\/wp-json\/wp\/v2\/product_cat?post=208663"},{"taxonomy":"product_tag","embeddable":true,"href":"https:\/\/grupotextil.es\/en\/wp-json\/wp\/v2\/product_tag?post=208663"}],"curies":[{"name":"wp","href":"https:\/\/api.w.org\/{rel}","templated":true}]}}