{"id":208669,"date":"2026-03-04T01:25:55","date_gmt":"2026-03-04T00:25:55","guid":{"rendered":"https:\/\/grupotextil.es\/producto\/portalapices-cargador-stamina-costelo-1920\/"},"modified":"2026-03-04T06:14:36","modified_gmt":"2026-03-04T05:14:36","slug":"portalapices-cargador-stamina-costelo-1920","status":"publish","type":"product","link":"https:\/\/grupotextil.es\/en\/product\/portalapices-cargador-stamina-costelo-1920\/","title":{"rendered":"Portal\u00e1pices Cargador Stamina Costelo 1920"},"content":{"rendered":"<p>Lapicero met\u00e1lico multifunci\u00f3n con dise\u00f1o de rejilla. Con base elaborada en bamb\u00fa con carga inal\u00e1mbrica para dispositivos compatibles con este tipo de carga. Ofrece hasta 15 W de potencia e incluye cable de conexi\u00f3n Tipo C.<\/p>","protected":false},"excerpt":{"rendered":"<p>Lapicero met\u00e1lico multifunci\u00f3n con dise\u00f1o de rejilla. Con base elaborada en bamb\u00fa con carga inal\u00e1mbrica para dispositivos compatibles con este tipo de carga. Ofrece hasta 15 W de potencia e incluye cable de conexi\u00f3n Tipo C.<\/p>","protected":false},"featured_media":208670,"comment_status":"open","ping_status":"closed","template":"","meta":{"_acf_changed":false},"product_brand":[14012],"product_cat":[14006,13972],"product_tag":[],"class_list":{"0":"post-208669","1":"product","2":"type-product","3":"status-publish","4":"has-post-thumbnail","6":"product_brand-stamina","7":"product_cat-acc-merchandising","8":"product_cat-oficina-y-escritura","9":"tm-no-options","11":"first","12":"outofstock","13":"taxable","14":"shipping-taxable","15":"product-type-variable"},"acf":[],"_links":{"self":[{"href":"https:\/\/grupotextil.es\/en\/wp-json\/wp\/v2\/product\/208669","targetHints":{"allow":["GET"]}}],"collection":[{"href":"https:\/\/grupotextil.es\/en\/wp-json\/wp\/v2\/product"}],"about":[{"href":"https:\/\/grupotextil.es\/en\/wp-json\/wp\/v2\/types\/product"}],"replies":[{"embeddable":true,"href":"https:\/\/grupotextil.es\/en\/wp-json\/wp\/v2\/comments?post=208669"}],"wp:featuredmedia":[{"embeddable":true,"href":"https:\/\/grupotextil.es\/en\/wp-json\/wp\/v2\/media\/208670"}],"wp:attachment":[{"href":"https:\/\/grupotextil.es\/en\/wp-json\/wp\/v2\/media?parent=208669"}],"wp:term":[{"taxonomy":"product_brand","embeddable":true,"href":"https:\/\/grupotextil.es\/en\/wp-json\/wp\/v2\/product_brand?post=208669"},{"taxonomy":"product_cat","embeddable":true,"href":"https:\/\/grupotextil.es\/en\/wp-json\/wp\/v2\/product_cat?post=208669"},{"taxonomy":"product_tag","embeddable":true,"href":"https:\/\/grupotextil.es\/en\/wp-json\/wp\/v2\/product_tag?post=208669"}],"curies":[{"name":"wp","href":"https:\/\/api.w.org\/{rel}","templated":true}]}}