{"id":208676,"date":"2026-03-04T01:26:14","date_gmt":"2026-03-04T00:26:14","guid":{"rendered":"https:\/\/grupotextil.es\/producto\/boligrafo-stamina-tarmak-2008\/"},"modified":"2026-03-04T06:14:36","modified_gmt":"2026-03-04T05:14:36","slug":"boligrafo-stamina-tarmak-2008","status":"publish","type":"product","link":"https:\/\/grupotextil.es\/en\/product\/boligrafo-stamina-tarmak-2008\/","title":{"rendered":"Bol\u00edgrafo Stamina Tarmak 2008"},"content":{"rendered":"<p>Bol\u00edgrafo elaborado en ABS reciclado con pulsador. Su cuerpo cuenta con un dise\u00f1o hexagonal a color en acabado mate, que lo convierte en un dise\u00f1o original y elegante. Tinta azul.<\/p>","protected":false},"excerpt":{"rendered":"<p>Bol\u00edgrafo elaborado en ABS reciclado con pulsador. Su cuerpo cuenta con un dise\u00f1o hexagonal a color en acabado mate, que lo convierte en un dise\u00f1o original y elegante. Tinta azul.<\/p>","protected":false},"featured_media":208677,"comment_status":"open","ping_status":"closed","template":"","meta":{"_acf_changed":false},"product_brand":[14012],"product_cat":[14006,13972],"product_tag":[],"class_list":{"0":"post-208676","1":"product","2":"type-product","3":"status-publish","4":"has-post-thumbnail","6":"product_brand-stamina","7":"product_cat-acc-merchandising","8":"product_cat-oficina-y-escritura","9":"tm-no-options","11":"first","12":"outofstock","13":"taxable","14":"shipping-taxable","15":"product-type-variable"},"acf":[],"_links":{"self":[{"href":"https:\/\/grupotextil.es\/en\/wp-json\/wp\/v2\/product\/208676","targetHints":{"allow":["GET"]}}],"collection":[{"href":"https:\/\/grupotextil.es\/en\/wp-json\/wp\/v2\/product"}],"about":[{"href":"https:\/\/grupotextil.es\/en\/wp-json\/wp\/v2\/types\/product"}],"replies":[{"embeddable":true,"href":"https:\/\/grupotextil.es\/en\/wp-json\/wp\/v2\/comments?post=208676"}],"wp:featuredmedia":[{"embeddable":true,"href":"https:\/\/grupotextil.es\/en\/wp-json\/wp\/v2\/media\/208677"}],"wp:attachment":[{"href":"https:\/\/grupotextil.es\/en\/wp-json\/wp\/v2\/media?parent=208676"}],"wp:term":[{"taxonomy":"product_brand","embeddable":true,"href":"https:\/\/grupotextil.es\/en\/wp-json\/wp\/v2\/product_brand?post=208676"},{"taxonomy":"product_cat","embeddable":true,"href":"https:\/\/grupotextil.es\/en\/wp-json\/wp\/v2\/product_cat?post=208676"},{"taxonomy":"product_tag","embeddable":true,"href":"https:\/\/grupotextil.es\/en\/wp-json\/wp\/v2\/product_tag?post=208676"}],"curies":[{"name":"wp","href":"https:\/\/api.w.org\/{rel}","templated":true}]}}