{"id":208696,"date":"2026-03-04T01:26:51","date_gmt":"2026-03-04T00:26:51","guid":{"rendered":"https:\/\/grupotextil.es\/producto\/medalla-stamina-ledeki-1963\/"},"modified":"2026-03-04T06:14:36","modified_gmt":"2026-03-04T05:14:36","slug":"medalla-stamina-ledeki-1963","status":"publish","type":"product","link":"https:\/\/grupotextil.es\/en\/product\/medalla-stamina-ledeki-1963\/","title":{"rendered":"Medalla Stamina Ledeki 1963"},"content":{"rendered":"<p>Medalla elaborada en metal. Incluye cinta elaborada en poli\u00e9ster. La medalla cuenta con mosquet\u00f3n para su f\u00e1cil marcaje. Di\u00e1metro de la medalla \u00d8 7 cm.<\/p>","protected":false},"excerpt":{"rendered":"<p>Medalla elaborada en metal. Incluye cinta elaborada en poli\u00e9ster. La medalla cuenta con mosquet\u00f3n para su f\u00e1cil marcaje. Di\u00e1metro de la medalla \u00d8 7 cm.<\/p>","protected":false},"featured_media":208697,"comment_status":"open","ping_status":"closed","template":"","meta":{"_acf_changed":false},"product_brand":[14012],"product_cat":[13973],"product_tag":[],"class_list":{"0":"post-208696","1":"product","2":"type-product","3":"status-publish","4":"has-post-thumbnail","6":"product_brand-stamina","7":"product_cat-ropa","8":"tm-no-options","10":"first","11":"outofstock","12":"taxable","13":"shipping-taxable","14":"product-type-variable"},"acf":[],"_links":{"self":[{"href":"https:\/\/grupotextil.es\/en\/wp-json\/wp\/v2\/product\/208696","targetHints":{"allow":["GET"]}}],"collection":[{"href":"https:\/\/grupotextil.es\/en\/wp-json\/wp\/v2\/product"}],"about":[{"href":"https:\/\/grupotextil.es\/en\/wp-json\/wp\/v2\/types\/product"}],"replies":[{"embeddable":true,"href":"https:\/\/grupotextil.es\/en\/wp-json\/wp\/v2\/comments?post=208696"}],"wp:featuredmedia":[{"embeddable":true,"href":"https:\/\/grupotextil.es\/en\/wp-json\/wp\/v2\/media\/208697"}],"wp:attachment":[{"href":"https:\/\/grupotextil.es\/en\/wp-json\/wp\/v2\/media?parent=208696"}],"wp:term":[{"taxonomy":"product_brand","embeddable":true,"href":"https:\/\/grupotextil.es\/en\/wp-json\/wp\/v2\/product_brand?post=208696"},{"taxonomy":"product_cat","embeddable":true,"href":"https:\/\/grupotextil.es\/en\/wp-json\/wp\/v2\/product_cat?post=208696"},{"taxonomy":"product_tag","embeddable":true,"href":"https:\/\/grupotextil.es\/en\/wp-json\/wp\/v2\/product_tag?post=208696"}],"curies":[{"name":"wp","href":"https:\/\/api.w.org\/{rel}","templated":true}]}}