{"id":208749,"date":"2026-03-04T01:27:57","date_gmt":"2026-03-04T00:27:57","guid":{"rendered":"https:\/\/grupotextil.es\/producto\/bidon-stamina-tuxley-2017\/"},"modified":"2026-03-04T06:14:37","modified_gmt":"2026-03-04T05:14:37","slug":"bidon-stamina-tuxley-2017","status":"publish","type":"product","link":"https:\/\/grupotextil.es\/en\/product\/bidon-stamina-tuxley-2017\/","title":{"rendered":"Bid\u00f3n Stamina Tuxley 2017"},"content":{"rendered":"<p>Bid\u00f3n t\u00e9rmico elaborado en acero inoxidable reciclado 304 de doble capa. Con capacidad 710 ml. Tapa con pajita abatible con recubrimiento de silicona integrada con cierre individual y sistema autom\u00e1tico de apertura mediante bot\u00f3n. Incluye, adem\u00e1s, un bloqueo de la apertura de la esta tapa que cuenta con sistema antigoteo gracias a su recubrimiento de silicona y del anillo que incorpora el cuello del bid\u00f3n. En la tapa adem\u00e1s, se incluye su asa de transporte.<\/p>","protected":false},"excerpt":{"rendered":"<p>Bid\u00f3n t\u00e9rmico elaborado en acero inoxidable reciclado 304 de doble capa. Con capacidad 710 ml. Tapa con pajita abatible con recubrimiento de silicona integrada con cierre individual y sistema autom\u00e1tico de apertura mediante bot\u00f3n. Incluye, adem\u00e1s, un bloqueo de la apertura de la esta tapa que cuenta con sistema antigoteo gracias a su recubrimiento de silicona y del anillo que incorpora el cuello del bid\u00f3n. En la tapa adem\u00e1s, se incluye su asa de transporte.<\/p>","protected":false},"featured_media":208750,"comment_status":"open","ping_status":"closed","template":"","meta":{"_acf_changed":false},"product_brand":[14012],"product_cat":[13958,14006,13971],"product_tag":[],"class_list":{"0":"post-208749","1":"product","2":"type-product","3":"status-publish","4":"has-post-thumbnail","6":"product_brand-stamina","7":"product_cat-mr-botellas-y-termos","8":"product_cat-acc-merchandising","9":"product_cat-mr-tazas","10":"tm-no-options","12":"first","13":"outofstock","14":"taxable","15":"shipping-taxable","16":"product-type-variable"},"acf":[],"_links":{"self":[{"href":"https:\/\/grupotextil.es\/en\/wp-json\/wp\/v2\/product\/208749","targetHints":{"allow":["GET"]}}],"collection":[{"href":"https:\/\/grupotextil.es\/en\/wp-json\/wp\/v2\/product"}],"about":[{"href":"https:\/\/grupotextil.es\/en\/wp-json\/wp\/v2\/types\/product"}],"replies":[{"embeddable":true,"href":"https:\/\/grupotextil.es\/en\/wp-json\/wp\/v2\/comments?post=208749"}],"wp:featuredmedia":[{"embeddable":true,"href":"https:\/\/grupotextil.es\/en\/wp-json\/wp\/v2\/media\/208750"}],"wp:attachment":[{"href":"https:\/\/grupotextil.es\/en\/wp-json\/wp\/v2\/media?parent=208749"}],"wp:term":[{"taxonomy":"product_brand","embeddable":true,"href":"https:\/\/grupotextil.es\/en\/wp-json\/wp\/v2\/product_brand?post=208749"},{"taxonomy":"product_cat","embeddable":true,"href":"https:\/\/grupotextil.es\/en\/wp-json\/wp\/v2\/product_cat?post=208749"},{"taxonomy":"product_tag","embeddable":true,"href":"https:\/\/grupotextil.es\/en\/wp-json\/wp\/v2\/product_tag?post=208749"}],"curies":[{"name":"wp","href":"https:\/\/api.w.org\/{rel}","templated":true}]}}