{"id":208868,"date":"2026-03-04T01:30:38","date_gmt":"2026-03-04T00:30:38","guid":{"rendered":"https:\/\/grupotextil.es\/producto\/boligrafo-stamina-barot-1975\/"},"modified":"2026-03-04T06:14:37","modified_gmt":"2026-03-04T05:14:37","slug":"boligrafo-stamina-barot-1975","status":"publish","type":"product","link":"https:\/\/grupotextil.es\/en\/product\/boligrafo-stamina-barot-1975\/","title":{"rendered":"Bol\u00edgrafo Stamina Barot 1975"},"content":{"rendered":"<p>Bol\u00edgrafo roller elaborado en ABS con dise\u00f1o metalizado. Incluye tapa con clip y detalles y punta en acabado plata y transparentes. Se caracteriza por su tinta de gel azul.<\/p>","protected":false},"excerpt":{"rendered":"<p>Bol\u00edgrafo roller elaborado en ABS con dise\u00f1o metalizado. Incluye tapa con clip y detalles y punta en acabado plata y transparentes. Se caracteriza por su tinta de gel azul.<\/p>","protected":false},"featured_media":208869,"comment_status":"open","ping_status":"closed","template":"","meta":{"_acf_changed":false},"product_brand":[14012],"product_cat":[14006,13972],"product_tag":[],"class_list":{"0":"post-208868","1":"product","2":"type-product","3":"status-publish","4":"has-post-thumbnail","6":"product_brand-stamina","7":"product_cat-acc-merchandising","8":"product_cat-oficina-y-escritura","9":"tm-no-options","11":"first","12":"outofstock","13":"taxable","14":"shipping-taxable","15":"product-type-variable"},"acf":[],"_links":{"self":[{"href":"https:\/\/grupotextil.es\/en\/wp-json\/wp\/v2\/product\/208868","targetHints":{"allow":["GET"]}}],"collection":[{"href":"https:\/\/grupotextil.es\/en\/wp-json\/wp\/v2\/product"}],"about":[{"href":"https:\/\/grupotextil.es\/en\/wp-json\/wp\/v2\/types\/product"}],"replies":[{"embeddable":true,"href":"https:\/\/grupotextil.es\/en\/wp-json\/wp\/v2\/comments?post=208868"}],"wp:featuredmedia":[{"embeddable":true,"href":"https:\/\/grupotextil.es\/en\/wp-json\/wp\/v2\/media\/208869"}],"wp:attachment":[{"href":"https:\/\/grupotextil.es\/en\/wp-json\/wp\/v2\/media?parent=208868"}],"wp:term":[{"taxonomy":"product_brand","embeddable":true,"href":"https:\/\/grupotextil.es\/en\/wp-json\/wp\/v2\/product_brand?post=208868"},{"taxonomy":"product_cat","embeddable":true,"href":"https:\/\/grupotextil.es\/en\/wp-json\/wp\/v2\/product_cat?post=208868"},{"taxonomy":"product_tag","embeddable":true,"href":"https:\/\/grupotextil.es\/en\/wp-json\/wp\/v2\/product_tag?post=208868"}],"curies":[{"name":"wp","href":"https:\/\/api.w.org\/{rel}","templated":true}]}}