{"id":208960,"date":"2026-03-04T01:32:46","date_gmt":"2026-03-04T00:32:46","guid":{"rendered":"https:\/\/grupotextil.es\/producto\/bidon-bitman-bi1986\/"},"modified":"2026-03-04T06:14:38","modified_gmt":"2026-03-04T05:14:38","slug":"bidon-bitman-bi1986","status":"publish","type":"product","link":"https:\/\/grupotextil.es\/en\/product\/bidon-bitman-bi1986\/","title":{"rendered":"Bid\u00f3n Bitman Bi1986"},"content":{"rendered":"<p>Bid\u00f3n realizado en acero inoxidable 304 reciclado de doble pared con capacidad 750 ml. Tap\u00f3n en color negro con asa incorporada. Sistema de apertura autom\u00e1tica al presionar un bot\u00f3n que incorpora en la parte interna. Incluye sistema antigoteo gracias a su anillo interior de silicona.<\/p>","protected":false},"excerpt":{"rendered":"<p>Bid\u00f3n realizado en acero inoxidable 304 reciclado de doble pared con capacidad 750 ml. Tap\u00f3n en color negro con asa incorporada. Sistema de apertura autom\u00e1tica al presionar un bot\u00f3n que incorpora en la parte interna. Incluye sistema antigoteo gracias a su anillo interior de silicona.<\/p>","protected":false},"featured_media":208961,"comment_status":"open","ping_status":"closed","template":"","meta":{"_acf_changed":false},"product_brand":[],"product_cat":[13958,14006,13971],"product_tag":[],"class_list":{"0":"post-208960","1":"product","2":"type-product","3":"status-publish","4":"has-post-thumbnail","6":"product_cat-mr-botellas-y-termos","7":"product_cat-acc-merchandising","8":"product_cat-mr-tazas","9":"tm-no-options","11":"first","12":"outofstock","13":"taxable","14":"shipping-taxable","15":"product-type-variable"},"acf":[],"_links":{"self":[{"href":"https:\/\/grupotextil.es\/en\/wp-json\/wp\/v2\/product\/208960","targetHints":{"allow":["GET"]}}],"collection":[{"href":"https:\/\/grupotextil.es\/en\/wp-json\/wp\/v2\/product"}],"about":[{"href":"https:\/\/grupotextil.es\/en\/wp-json\/wp\/v2\/types\/product"}],"replies":[{"embeddable":true,"href":"https:\/\/grupotextil.es\/en\/wp-json\/wp\/v2\/comments?post=208960"}],"wp:featuredmedia":[{"embeddable":true,"href":"https:\/\/grupotextil.es\/en\/wp-json\/wp\/v2\/media\/208961"}],"wp:attachment":[{"href":"https:\/\/grupotextil.es\/en\/wp-json\/wp\/v2\/media?parent=208960"}],"wp:term":[{"taxonomy":"product_brand","embeddable":true,"href":"https:\/\/grupotextil.es\/en\/wp-json\/wp\/v2\/product_brand?post=208960"},{"taxonomy":"product_cat","embeddable":true,"href":"https:\/\/grupotextil.es\/en\/wp-json\/wp\/v2\/product_cat?post=208960"},{"taxonomy":"product_tag","embeddable":true,"href":"https:\/\/grupotextil.es\/en\/wp-json\/wp\/v2\/product_tag?post=208960"}],"curies":[{"name":"wp","href":"https:\/\/api.w.org\/{rel}","templated":true}]}}